{"id":46683,"date":"2025-12-24T09:43:09","date_gmt":"2025-12-24T07:43:09","guid":{"rendered":"https:\/\/rusticfind.com\/mon-histoire-avec-mas-tarres-2\/"},"modified":"2025-12-24T12:20:55","modified_gmt":"2025-12-24T10:20:55","slug":"mon-histoire-avec-mas-tarres","status":"publish","type":"page","link":"https:\/\/rusticfind.com\/fr\/mon-histoire-avec-mas-tarres\/","title":{"rendered":"Mon histoire avec Mas Tarr\u00e9s"},"content":{"rendered":"\t\t<div data-elementor-type=\"wp-page\" data-elementor-id=\"46683\" class=\"elementor elementor-46683 elementor-46659\" data-elementor-post-type=\"page\">\n\t\t\t\t\t\t<section class=\"elementor-section elementor-top-section elementor-element elementor-element-b3115dc elementor-section-stretched elementor-section-height-min-height elementor-section-boxed elementor-section-height-default elementor-section-items-middle\" data-id=\"b3115dc\" data-element_type=\"section\" data-e-type=\"section\" data-settings=\"{&quot;stretch_section&quot;:&quot;section-stretched&quot;,&quot;background_background&quot;:&quot;classic&quot;,&quot;shape_divider_bottom&quot;:&quot;wave-brush&quot;}\">\n\t\t\t\t\t\t\t<div class=\"elementor-background-overlay\"><\/div>\n\t\t\t\t\t\t<div class=\"elementor-shape elementor-shape-bottom\" aria-hidden=\"true\" data-negative=\"false\">\n\t\t\t<svg xmlns=\"http:\/\/www.w3.org\/2000\/svg\" viewBox=\"0 0 283.5 27.8\" preserveAspectRatio=\"none\">\n\t<path class=\"elementor-shape-fill\" d=\"M283.5,9.7c0,0-7.3,4.3-14,4.6c-6.8,0.3-12.6,0-20.9-1.5c-11.3-2-33.1-10.1-44.7-5.7\ts-12.1,4.6-18,7.4c-6.6,3.2-20,9.6-36.6,9.3C131.6,23.5,99.5,7.2,86.3,8c-1.4,0.1-6.6,0.8-10.5,2c-3.8,1.2-9.4,3.8-17,4.7\tc-3.2,0.4-8.3,1.1-14.2,0.9c-1.5-0.1-6.3-0.4-12-1.6c-5.7-1.2-11-3.1-15.8-3.7C6.5,9.2,0,10.8,0,10.8V0h283.5V9.7z M260.8,11.3\tc-0.7-1-2-0.4-4.3-0.4c-2.3,0-6.1-1.2-5.8-1.1c0.3,0.1,3.1,1.5,6,1.9C259.7,12.2,261.4,12.3,260.8,11.3z M242.4,8.6\tc0,0-2.4-0.2-5.6-0.9c-3.2-0.8-10.3-2.8-15.1-3.5c-8.2-1.1-15.8,0-15.1,0.1c0.8,0.1,9.6-0.6,17.6,1.1c3.3,0.7,9.3,2.2,12.4,2.7\tC239.9,8.7,242.4,8.6,242.4,8.6z M185.2,8.5c1.7-0.7-13.3,4.7-18.5,6.1c-2.1,0.6-6.2,1.6-10,2c-3.9,0.4-8.9,0.4-8.8,0.5\tc0,0.2,5.8,0.8,11.2,0c5.4-0.8,5.2-1.1,7.6-1.6C170.5,14.7,183.5,9.2,185.2,8.5z M199.1,6.9c0.2,0-0.8-0.4-4.8,1.1\tc-4,1.5-6.7,3.5-6.9,3.7c-0.2,0.1,3.5-1.8,6.6-3C197,7.5,199,6.9,199.1,6.9z M283,6c-0.1,0.1-1.9,1.1-4.8,2.5s-6.9,2.8-6.7,2.7\tc0.2,0,3.5-0.6,7.4-2.5C282.8,6.8,283.1,5.9,283,6z M31.3,11.6c0.1-0.2-1.9-0.2-4.5-1.2s-5.4-1.6-7.8-2C15,7.6,7.3,8.5,7.7,8.6\tC8,8.7,15.9,8.3,20.2,9.3c2.2,0.5,2.4,0.5,5.7,1.6S31.2,11.9,31.3,11.6z M73,9.2c0.4-0.1,3.5-1.6,8.4-2.6c4.9-1.1,8.9-0.5,8.9-0.8\tc0-0.3-1-0.9-6.2-0.3S72.6,9.3,73,9.2z M71.6,6.7C71.8,6.8,75,5.4,77.3,5c2.3-0.3,1.9-0.5,1.9-0.6c0-0.1-1.1-0.2-2.7,0.2\tC74.8,5.1,71.4,6.6,71.6,6.7z M93.6,4.4c0.1,0.2,3.5,0.8,5.6,1.8c2.1,1,1.8,0.6,1.9,0.5c0.1-0.1-0.8-0.8-2.4-1.3\tC97.1,4.8,93.5,4.2,93.6,4.4z M65.4,11.1c-0.1,0.3,0.3,0.5,1.9-0.2s2.6-1.3,2.2-1.2s-0.9,0.4-2.5,0.8C65.3,10.9,65.5,10.8,65.4,11.1\tz M34.5,12.4c-0.2,0,2.1,0.8,3.3,0.9c1.2,0.1,2,0.1,2-0.2c0-0.3-0.1-0.5-1.6-0.4C36.6,12.8,34.7,12.4,34.5,12.4z M152.2,21.1\tc-0.1,0.1-2.4-0.3-7.5-0.3c-5,0-13.6-2.4-17.2-3.5c-3.6-1.1,10,3.9,16.5,4.1C150.5,21.6,152.3,21,152.2,21.1z\"\/>\n\t<path class=\"elementor-shape-fill\" d=\"M269.6,18c-0.1-0.1-4.6,0.3-7.2,0c-7.3-0.7-17-3.2-16.6-2.9c0.4,0.3,13.7,3.1,17,3.3\tC267.7,18.8,269.7,18,269.6,18z\"\/>\n\t<path class=\"elementor-shape-fill\" d=\"M227.4,9.8c-0.2-0.1-4.5-1-9.5-1.2c-5-0.2-12.7,0.6-12.3,0.5c0.3-0.1,5.9-1.8,13.3-1.2\tS227.6,9.9,227.4,9.8z\"\/>\n\t<path class=\"elementor-shape-fill\" d=\"M204.5,13.4c-0.1-0.1,2-1,3.2-1.1c1.2-0.1,2,0,2,0.3c0,0.3-0.1,0.5-1.6,0.4\tC206.4,12.9,204.6,13.5,204.5,13.4z\"\/>\n\t<path class=\"elementor-shape-fill\" d=\"M201,10.6c0-0.1-4.4,1.2-6.3,2.2c-1.9,0.9-6.2,3.1-6.1,3.1c0.1,0.1,4.2-1.6,6.3-2.6\tS201,10.7,201,10.6z\"\/>\n\t<path class=\"elementor-shape-fill\" d=\"M154.5,26.7c-0.1-0.1-4.6,0.3-7.2,0c-7.3-0.7-17-3.2-16.6-2.9c0.4,0.3,13.7,3.1,17,3.3\tC152.6,27.5,154.6,26.8,154.5,26.7z\"\/>\n\t<path class=\"elementor-shape-fill\" d=\"M41.9,19.3c0,0,1.2-0.3,2.9-0.1c1.7,0.2,5.8,0.9,8.2,0.7c4.2-0.4,7.4-2.7,7-2.6\tc-0.4,0-4.3,2.2-8.6,1.9c-1.8-0.1-5.1-0.5-6.7-0.4S41.9,19.3,41.9,19.3z\"\/>\n\t<path class=\"elementor-shape-fill\" d=\"M75.5,12.6c0.2,0.1,2-0.8,4.3-1.1c2.3-0.2,2.1-0.3,2.1-0.5c0-0.1-1.8-0.4-3.4,0\tC76.9,11.5,75.3,12.5,75.5,12.6z\"\/>\n\t<path class=\"elementor-shape-fill\" d=\"M15.6,13.2c0-0.1,4.3,0,6.7,0.5c2.4,0.5,5,1.9,5,2c0,0.1-2.7-0.8-5.1-1.4\tC19.9,13.7,15.7,13.3,15.6,13.2z\"\/>\n<\/svg>\t\t<\/div>\n\t\t\t\t\t<div class=\"elementor-container elementor-column-gap-no\">\n\t\t\t\t\t<div class=\"elementor-column elementor-col-100 elementor-top-column elementor-element elementor-element-9d93ffc\" data-id=\"9d93ffc\" data-element_type=\"column\" data-e-type=\"column\">\n\t\t\t<div class=\"elementor-widget-wrap elementor-element-populated\">\n\t\t\t\t\t\t<section class=\"elementor-section elementor-inner-section elementor-element elementor-element-94b4077 elementor-section-boxed elementor-section-height-default elementor-section-height-default\" data-id=\"94b4077\" data-element_type=\"section\" data-e-type=\"section\">\n\t\t\t\t\t\t<div class=\"elementor-container elementor-column-gap-default\">\n\t\t\t\t\t<div class=\"elementor-column elementor-col-100 elementor-inner-column elementor-element elementor-element-6b6580c\" data-id=\"6b6580c\" data-element_type=\"column\" data-e-type=\"column\" data-settings=\"{&quot;background_background&quot;:&quot;classic&quot;}\">\n\t\t\t<div class=\"elementor-widget-wrap elementor-element-populated\">\n\t\t\t\t\t\t<div class=\"elementor-element elementor-element-e59d163 elementor-invisible elementor-widget elementor-widget-heading\" data-id=\"e59d163\" data-element_type=\"widget\" data-e-type=\"widget\" data-settings=\"{&quot;_animation&quot;:&quot;fadeIn&quot;}\" data-widget_type=\"heading.default\">\n\t\t\t\t<div class=\"elementor-widget-container\">\n\t\t\t\t\t<h2 class=\"elementor-heading-title elementor-size-default\">Mon histoire avec Mas Tarr\u00e9s<\/h2>\t\t\t\t<\/div>\n\t\t\t\t<\/div>\n\t\t\t\t<div class=\"elementor-element elementor-element-cbce8c8 elementor-invisible elementor-widget elementor-widget-heading\" data-id=\"cbce8c8\" data-element_type=\"widget\" data-e-type=\"widget\" data-settings=\"{&quot;_animation&quot;:&quot;fadeIn&quot;}\" data-widget_type=\"heading.default\">\n\t\t\t\t<div class=\"elementor-widget-container\">\n\t\t\t\t\t<p class=\"elementor-heading-title elementor-size-default\">Tourisme rural dans l\u2019Empord\u00e0 et la Costa Brava : un refuge cr\u00e9\u00e9 avec amour et d\u00e9vouement<\/p>\t\t\t\t<\/div>\n\t\t\t\t<\/div>\n\t\t\t\t\t<\/div>\n\t\t<\/div>\n\t\t\t\t\t<\/div>\n\t\t<\/section>\n\t\t<div class=\"elementor-element elementor-element-83b9d11 e-flex e-con-boxed e-con e-parent\" data-id=\"83b9d11\" data-element_type=\"container\" data-e-type=\"container\">\n\t\t\t\t\t<div class=\"e-con-inner\">\n\t\t\t\t\t<\/div>\n\t\t\t\t<\/div>\n\t\t\t\t\t<\/div>\n\t\t<\/div>\n\t\t\t\t\t<\/div>\n\t\t<\/section>\n\t\t\t\t<section class=\"elementor-section elementor-top-section elementor-element elementor-element-607a6c4 elementor-section-height-min-height elementor-section-stretched elementor-section-items-top elementor-section-boxed elementor-section-height-default\" data-id=\"607a6c4\" data-element_type=\"section\" data-e-type=\"section\" data-settings=\"{&quot;stretch_section&quot;:&quot;section-stretched&quot;,&quot;background_background&quot;:&quot;classic&quot;}\">\n\t\t\t\t\t\t\t<div class=\"elementor-background-overlay\"><\/div>\n\t\t\t\t\t\t\t<div class=\"elementor-container elementor-column-gap-no\">\n\t\t\t\t\t<div class=\"elementor-column elementor-col-100 elementor-top-column elementor-element elementor-element-71cc030\" data-id=\"71cc030\" data-element_type=\"column\" data-e-type=\"column\" data-settings=\"{&quot;background_background&quot;:&quot;gradient&quot;}\">\n\t\t\t<div class=\"elementor-widget-wrap elementor-element-populated\">\n\t\t\t\t\t<div class=\"elementor-background-overlay\"><\/div>\n\t\t\t\t\t\t<section class=\"elementor-section elementor-inner-section elementor-element elementor-element-c68adca elementor-section-height-min-height animated-slow elementor-hidden-mobile elementor-section-boxed elementor-section-height-default elementor-invisible\" data-id=\"c68adca\" data-element_type=\"section\" data-e-type=\"section\" data-settings=\"{&quot;background_background&quot;:&quot;classic&quot;,&quot;animation&quot;:&quot;fadeIn&quot;,&quot;animation_tablet&quot;:&quot;fadeInRight&quot;}\">\n\t\t\t\t\t\t<div class=\"elementor-container elementor-column-gap-no\">\n\t\t\t\t\t<div class=\"elementor-column elementor-col-100 elementor-inner-column elementor-element elementor-element-2865ef2\" data-id=\"2865ef2\" data-element_type=\"column\" data-e-type=\"column\">\n\t\t\t<div class=\"elementor-widget-wrap elementor-element-populated\">\n\t\t\t\t\t\t<div class=\"elementor-element elementor-element-e279a6e elementor-widget elementor-widget-spacer\" data-id=\"e279a6e\" data-element_type=\"widget\" data-e-type=\"widget\" data-widget_type=\"spacer.default\">\n\t\t\t\t<div class=\"elementor-widget-container\">\n\t\t\t\t\t\t\t<div class=\"elementor-spacer\">\n\t\t\t<div class=\"elementor-spacer-inner\"><\/div>\n\t\t<\/div>\n\t\t\t\t\t\t<\/div>\n\t\t\t\t<\/div>\n\t\t\t\t\t<\/div>\n\t\t<\/div>\n\t\t\t\t\t<\/div>\n\t\t<\/section>\n\t\t\t\t\t<\/div>\n\t\t<\/div>\n\t\t\t\t\t<\/div>\n\t\t<\/section>\n\t\t\t\t<section class=\"elementor-section elementor-top-section elementor-element elementor-element-92cf7f6 elementor-section-height-min-height elementor-section-stretched elementor-section-items-top elementor-section-boxed elementor-section-height-default\" data-id=\"92cf7f6\" data-element_type=\"section\" data-e-type=\"section\" data-settings=\"{&quot;stretch_section&quot;:&quot;section-stretched&quot;,&quot;background_background&quot;:&quot;classic&quot;}\">\n\t\t\t\t\t\t\t<div class=\"elementor-background-overlay\"><\/div>\n\t\t\t\t\t\t\t<div class=\"elementor-container elementor-column-gap-no\">\n\t\t\t\t\t<div class=\"elementor-column elementor-col-100 elementor-top-column elementor-element elementor-element-5efe844\" data-id=\"5efe844\" data-element_type=\"column\" data-e-type=\"column\">\n\t\t\t<div class=\"elementor-widget-wrap elementor-element-populated\">\n\t\t\t\t\t\t<div class=\"elementor-element elementor-element-fcdb993 elementor-widget elementor-widget-text-editor\" data-id=\"fcdb993\" data-element_type=\"widget\" data-e-type=\"widget\" data-widget_type=\"text-editor.default\">\n\t\t\t\t<div class=\"elementor-widget-container\">\n\t\t\t\t\t\t\t\t\t<p>Lorsque j\u2019ai rencontr\u00e9 mon mari en 2007, notre vie a commenc\u00e9 une aventure qui allait marquer notre chemin. Peu apr\u00e8s, nous avons d\u00e9cid\u00e9 de nous installer dans une propri\u00e9t\u00e9 de sa grand-m\u00e8re \u00e0 Madremanya, un lieu isol\u00e9, entour\u00e9 d\u2019oliviers, de for\u00eats et de nature pure. All\u00e0, enmig del silenci del camp, em vaig sentir en la meva ess\u00e8ncia: connectada amb la terra, amb la vida senzilla i amb la calmaa que nom\u00e9s la vida rural pot oferir.<\/p><p>\u00a0<\/p><p>Le domaine comprenait deux propri\u00e9t\u00e9s : la n\u00f4tre, et \u00e0 c\u00f4t\u00e9, une grande masia appartenant \u00e9galement \u00e0 la grand-m\u00e8re de David, divis\u00e9e en quatre petites maisons habit\u00e9es par diff\u00e9rentes familles. La maison \u00e9tait <strong>humble<\/strong>, sans r\u00e9formes, marqu\u00e9e par le temps, mais pleine d\u2019histoire et de potentiel. Je travaillais comme femme de m\u00e9nage, tandis que lui travaillait comme forgeron, et ensemble nous prenions soin de mon jeune fils.<\/p><p>\u00a0<\/p><p>C\u2019est alors que j\u2019ai eu l\u2019id\u00e9e : r\u00e9nover la maison pour la <strong>location de vacances<\/strong>. Je voulais exploiter le potentiel de la propri\u00e9t\u00e9, combiner notre effort avec ma passion pour la nature et cr\u00e9er quelque chose de notre propre qui redonnerait vie \u00e0 la masia. J\u2019ai propos\u00e9 l\u2019id\u00e9e \u00e0 mon mari, et ensemble nous avons entam\u00e9 cette aventure qui allait changer notre vie.<\/p><p>\u00a0<\/p><p><strong>Les premiers pas d\u2019un r\u00eave<\/strong><\/p><p>\u00a0<\/p><p>En 2013, nous avons franchi la premi\u00e8re \u00e9tape: ouvrir notre premier appartement, <strong>La Olivera<\/strong>, pour 2 invit\u00e9s. Chaque brique et chaque d\u00e9tail repr\u00e9sentaient des heures d\u2019efforts et de d\u00e9vouement. L\u2019ann\u00e9e suivante, 2014, nous avons r\u00e9nov\u00e9 et ouvert <strong>La Ac\u00e0cia<\/strong>, pouvant accueillir 4 invit\u00e9s. C\u2019\u00e9tait un travail intense : combiner nos emplois ext\u00e9rieurs, la garde de mon fils et tous nos temps libres et week-ends pour transformer la masia.<\/p><p>\u00a0<\/p><p>En 2015, notre fille est n\u00e9e, un moment de joie qui a co\u00efncid\u00e9 avec la construction de la piscine, un oasis de paix et de tranquillit\u00e9 devenu le c\u0153ur des moments heureux de nos invit\u00e9s. Chaque projet \u00e9tait un d\u00e9fi, mais aussi un apprentissage et un motif pour continuer.<\/p><p>\u00a0<\/p><p>En 2016, nous avons ouvert <strong>El Pi<\/strong>, pour 4 invit\u00e9s. Chaque r\u00e9novation \u00e9tait une \u00e9tape de plus dans notre histoire, un effort commun transformant des espaces oubli\u00e9s en lieux accueillants et pleins de vie. Pendant ces ann\u00e9es, nos enfants ont grandi entour\u00e9s de nature et des \u00abamis\u00bb qui arrivaient chaque semaine avec les invit\u00e9s, cr\u00e9ant des souvenirs partag\u00e9s faisant partie de l\u2019essence de <strong>Mas Tarr\u00e9s<\/strong>.<\/p><p>\u00a0<\/p><p>En 2023, nous avons compl\u00e9t\u00e9 le projet avec <strong>L\u2019Alzina<\/strong>, pour 2 invit\u00e9s, refl\u00e9tant notre exp\u00e9rience et la passion que nous avons investie dans chaque recoin de ce domaine.<\/p><p>\u00a0<\/p><p><strong>Mas Tarr\u00e9s aujourd\u2019hui<\/strong><\/p><p>\u00a0<\/p><p>Aujourd\u2019hui, <strong>Mas Tarr\u00e9s<\/strong> n\u2019est pas seulement une maison rurale: elle refl\u00e8te notre vie, nos d\u00e9cisions audacieuses et tout ce que nous avons investi pour que la nature, l\u2019histoire et la chaleur de la masia se fondent en un refuge authentique.<\/p><p>\u00a0<\/p><p>C\u2019est un espace con\u00e7u pour que les visiteurs ressentent paix, tranquillit\u00e9 et connexion avec la nature, profitent des <strong>escapades rurales \u00e0 G\u00e9rone, dans l\u2019Empord\u00e0 et sur la Costa Brava<\/strong>, et d\u00e9couvrent l\u2019essence d\u2019un lieu construit avec effort, amour et patience.<\/p><p>\u00a0<\/p><p>Chaque appartement raconte une histoire : la n\u00f4tre et celle de ceux qui y s\u00e9journent quelques jours. <strong>Mas Tarr\u00e9s<\/strong> est un h\u00e9ritage de vie rurale, un espace o\u00f9 histoire, famille et nature s\u2019entrelacent pour offrir des exp\u00e9riences uniques, intimes et m\u00e9morables.<\/p><p>\u00a0<\/p><p><strong>Mas Tarr\u00e9s<\/strong> est notre vie transform\u00e9e en maison : un refuge qui grandit avec la nature et chaque personne qui choisit de partager son temps et son histoire avec nous.<\/p>\t\t\t\t\t\t\t\t<\/div>\n\t\t\t\t<\/div>\n\t\t\t\t\t<\/div>\n\t\t<\/div>\n\t\t\t\t\t<\/div>\n\t\t<\/section>\n\t\t\t\t<\/div>\n\t\t","protected":false},"excerpt":{"rendered":"<p>Mon histoire avec Mas Tarr\u00e9s Tourisme rural dans l\u2019Empord\u00e0 et la Costa Brava : un refuge cr\u00e9\u00e9 avec amour et d\u00e9vouement Lorsque j\u2019ai rencontr\u00e9 mon mari en 2007, notre vie a commenc\u00e9 une aventure qui allait marquer notre chemin. Peu apr\u00e8s, nous avons d\u00e9cid\u00e9 de nous installer dans une propri\u00e9t\u00e9 de sa grand-m\u00e8re \u00e0 Madremanya, &#8230;<\/p>\n","protected":false},"author":1,"featured_media":0,"parent":0,"menu_order":0,"comment_status":"closed","ping_status":"closed","template":"elementor_header_footer","meta":{"inline_featured_image":false,"_joinchat":[],"footnotes":""},"class_list":["post-46683","page","type-page","status-publish","hentry"],"_links":{"self":[{"href":"https:\/\/rusticfind.com\/fr\/wp-json\/wp\/v2\/pages\/46683","targetHints":{"allow":["GET"]}}],"collection":[{"href":"https:\/\/rusticfind.com\/fr\/wp-json\/wp\/v2\/pages"}],"about":[{"href":"https:\/\/rusticfind.com\/fr\/wp-json\/wp\/v2\/types\/page"}],"author":[{"embeddable":true,"href":"https:\/\/rusticfind.com\/fr\/wp-json\/wp\/v2\/users\/1"}],"replies":[{"embeddable":true,"href":"https:\/\/rusticfind.com\/fr\/wp-json\/wp\/v2\/comments?post=46683"}],"version-history":[{"count":4,"href":"https:\/\/rusticfind.com\/fr\/wp-json\/wp\/v2\/pages\/46683\/revisions"}],"predecessor-version":[{"id":46719,"href":"https:\/\/rusticfind.com\/fr\/wp-json\/wp\/v2\/pages\/46683\/revisions\/46719"}],"wp:attachment":[{"href":"https:\/\/rusticfind.com\/fr\/wp-json\/wp\/v2\/media?parent=46683"}],"curies":[{"name":"wp","href":"https:\/\/api.w.org\/{rel}","templated":true}]}}