{"id":46676,"date":"2025-12-24T09:36:16","date_gmt":"2025-12-24T07:36:16","guid":{"rendered":"https:\/\/rusticfind.com\/mon-histoire-avec-mas-darovie-2\/"},"modified":"2025-12-24T10:41:15","modified_gmt":"2025-12-24T08:41:15","slug":"mon-histoire-avec-mas-darovie","status":"publish","type":"page","link":"https:\/\/rusticfind.com\/fr\/mon-histoire-avec-mas-darovie\/","title":{"rendered":"Mon histoire avec Mas Darovie"},"content":{"rendered":"\t\t<div data-elementor-type=\"wp-page\" data-elementor-id=\"46676\" class=\"elementor elementor-46676 elementor-46655\" data-elementor-post-type=\"page\">\n\t\t\t\t\t\t<section class=\"elementor-section elementor-top-section elementor-element elementor-element-b3115dc elementor-section-stretched elementor-section-height-min-height elementor-section-boxed elementor-section-height-default elementor-section-items-middle\" data-id=\"b3115dc\" data-element_type=\"section\" data-e-type=\"section\" data-settings=\"{&quot;stretch_section&quot;:&quot;section-stretched&quot;,&quot;background_background&quot;:&quot;classic&quot;,&quot;shape_divider_bottom&quot;:&quot;wave-brush&quot;}\">\n\t\t\t\t\t\t\t<div class=\"elementor-background-overlay\"><\/div>\n\t\t\t\t\t\t<div class=\"elementor-shape elementor-shape-bottom\" aria-hidden=\"true\" data-negative=\"false\">\n\t\t\t<svg xmlns=\"http:\/\/www.w3.org\/2000\/svg\" viewBox=\"0 0 283.5 27.8\" preserveAspectRatio=\"none\">\n\t<path class=\"elementor-shape-fill\" d=\"M283.5,9.7c0,0-7.3,4.3-14,4.6c-6.8,0.3-12.6,0-20.9-1.5c-11.3-2-33.1-10.1-44.7-5.7\ts-12.1,4.6-18,7.4c-6.6,3.2-20,9.6-36.6,9.3C131.6,23.5,99.5,7.2,86.3,8c-1.4,0.1-6.6,0.8-10.5,2c-3.8,1.2-9.4,3.8-17,4.7\tc-3.2,0.4-8.3,1.1-14.2,0.9c-1.5-0.1-6.3-0.4-12-1.6c-5.7-1.2-11-3.1-15.8-3.7C6.5,9.2,0,10.8,0,10.8V0h283.5V9.7z M260.8,11.3\tc-0.7-1-2-0.4-4.3-0.4c-2.3,0-6.1-1.2-5.8-1.1c0.3,0.1,3.1,1.5,6,1.9C259.7,12.2,261.4,12.3,260.8,11.3z M242.4,8.6\tc0,0-2.4-0.2-5.6-0.9c-3.2-0.8-10.3-2.8-15.1-3.5c-8.2-1.1-15.8,0-15.1,0.1c0.8,0.1,9.6-0.6,17.6,1.1c3.3,0.7,9.3,2.2,12.4,2.7\tC239.9,8.7,242.4,8.6,242.4,8.6z M185.2,8.5c1.7-0.7-13.3,4.7-18.5,6.1c-2.1,0.6-6.2,1.6-10,2c-3.9,0.4-8.9,0.4-8.8,0.5\tc0,0.2,5.8,0.8,11.2,0c5.4-0.8,5.2-1.1,7.6-1.6C170.5,14.7,183.5,9.2,185.2,8.5z M199.1,6.9c0.2,0-0.8-0.4-4.8,1.1\tc-4,1.5-6.7,3.5-6.9,3.7c-0.2,0.1,3.5-1.8,6.6-3C197,7.5,199,6.9,199.1,6.9z M283,6c-0.1,0.1-1.9,1.1-4.8,2.5s-6.9,2.8-6.7,2.7\tc0.2,0,3.5-0.6,7.4-2.5C282.8,6.8,283.1,5.9,283,6z M31.3,11.6c0.1-0.2-1.9-0.2-4.5-1.2s-5.4-1.6-7.8-2C15,7.6,7.3,8.5,7.7,8.6\tC8,8.7,15.9,8.3,20.2,9.3c2.2,0.5,2.4,0.5,5.7,1.6S31.2,11.9,31.3,11.6z M73,9.2c0.4-0.1,3.5-1.6,8.4-2.6c4.9-1.1,8.9-0.5,8.9-0.8\tc0-0.3-1-0.9-6.2-0.3S72.6,9.3,73,9.2z M71.6,6.7C71.8,6.8,75,5.4,77.3,5c2.3-0.3,1.9-0.5,1.9-0.6c0-0.1-1.1-0.2-2.7,0.2\tC74.8,5.1,71.4,6.6,71.6,6.7z M93.6,4.4c0.1,0.2,3.5,0.8,5.6,1.8c2.1,1,1.8,0.6,1.9,0.5c0.1-0.1-0.8-0.8-2.4-1.3\tC97.1,4.8,93.5,4.2,93.6,4.4z M65.4,11.1c-0.1,0.3,0.3,0.5,1.9-0.2s2.6-1.3,2.2-1.2s-0.9,0.4-2.5,0.8C65.3,10.9,65.5,10.8,65.4,11.1\tz M34.5,12.4c-0.2,0,2.1,0.8,3.3,0.9c1.2,0.1,2,0.1,2-0.2c0-0.3-0.1-0.5-1.6-0.4C36.6,12.8,34.7,12.4,34.5,12.4z M152.2,21.1\tc-0.1,0.1-2.4-0.3-7.5-0.3c-5,0-13.6-2.4-17.2-3.5c-3.6-1.1,10,3.9,16.5,4.1C150.5,21.6,152.3,21,152.2,21.1z\"\/>\n\t<path class=\"elementor-shape-fill\" d=\"M269.6,18c-0.1-0.1-4.6,0.3-7.2,0c-7.3-0.7-17-3.2-16.6-2.9c0.4,0.3,13.7,3.1,17,3.3\tC267.7,18.8,269.7,18,269.6,18z\"\/>\n\t<path class=\"elementor-shape-fill\" d=\"M227.4,9.8c-0.2-0.1-4.5-1-9.5-1.2c-5-0.2-12.7,0.6-12.3,0.5c0.3-0.1,5.9-1.8,13.3-1.2\tS227.6,9.9,227.4,9.8z\"\/>\n\t<path class=\"elementor-shape-fill\" d=\"M204.5,13.4c-0.1-0.1,2-1,3.2-1.1c1.2-0.1,2,0,2,0.3c0,0.3-0.1,0.5-1.6,0.4\tC206.4,12.9,204.6,13.5,204.5,13.4z\"\/>\n\t<path class=\"elementor-shape-fill\" d=\"M201,10.6c0-0.1-4.4,1.2-6.3,2.2c-1.9,0.9-6.2,3.1-6.1,3.1c0.1,0.1,4.2-1.6,6.3-2.6\tS201,10.7,201,10.6z\"\/>\n\t<path class=\"elementor-shape-fill\" d=\"M154.5,26.7c-0.1-0.1-4.6,0.3-7.2,0c-7.3-0.7-17-3.2-16.6-2.9c0.4,0.3,13.7,3.1,17,3.3\tC152.6,27.5,154.6,26.8,154.5,26.7z\"\/>\n\t<path class=\"elementor-shape-fill\" d=\"M41.9,19.3c0,0,1.2-0.3,2.9-0.1c1.7,0.2,5.8,0.9,8.2,0.7c4.2-0.4,7.4-2.7,7-2.6\tc-0.4,0-4.3,2.2-8.6,1.9c-1.8-0.1-5.1-0.5-6.7-0.4S41.9,19.3,41.9,19.3z\"\/>\n\t<path class=\"elementor-shape-fill\" d=\"M75.5,12.6c0.2,0.1,2-0.8,4.3-1.1c2.3-0.2,2.1-0.3,2.1-0.5c0-0.1-1.8-0.4-3.4,0\tC76.9,11.5,75.3,12.5,75.5,12.6z\"\/>\n\t<path class=\"elementor-shape-fill\" d=\"M15.6,13.2c0-0.1,4.3,0,6.7,0.5c2.4,0.5,5,1.9,5,2c0,0.1-2.7-0.8-5.1-1.4\tC19.9,13.7,15.7,13.3,15.6,13.2z\"\/>\n<\/svg>\t\t<\/div>\n\t\t\t\t\t<div class=\"elementor-container elementor-column-gap-no\">\n\t\t\t\t\t<div class=\"elementor-column elementor-col-100 elementor-top-column elementor-element elementor-element-9d93ffc\" data-id=\"9d93ffc\" data-element_type=\"column\" data-e-type=\"column\">\n\t\t\t<div class=\"elementor-widget-wrap elementor-element-populated\">\n\t\t\t\t\t\t<section class=\"elementor-section elementor-inner-section elementor-element elementor-element-94b4077 elementor-section-boxed elementor-section-height-default elementor-section-height-default\" data-id=\"94b4077\" data-element_type=\"section\" data-e-type=\"section\">\n\t\t\t\t\t\t<div class=\"elementor-container elementor-column-gap-default\">\n\t\t\t\t\t<div class=\"elementor-column elementor-col-100 elementor-inner-column elementor-element elementor-element-6b6580c\" data-id=\"6b6580c\" data-element_type=\"column\" data-e-type=\"column\" data-settings=\"{&quot;background_background&quot;:&quot;classic&quot;}\">\n\t\t\t<div class=\"elementor-widget-wrap elementor-element-populated\">\n\t\t\t\t\t\t<div class=\"elementor-element elementor-element-e59d163 elementor-invisible elementor-widget elementor-widget-heading\" data-id=\"e59d163\" data-element_type=\"widget\" data-e-type=\"widget\" data-settings=\"{&quot;_animation&quot;:&quot;fadeIn&quot;}\" data-widget_type=\"heading.default\">\n\t\t\t\t<div class=\"elementor-widget-container\">\n\t\t\t\t\t<h2 class=\"elementor-heading-title elementor-size-default\">Mon histoire avec Mas Darovie<\/h2>\t\t\t\t<\/div>\n\t\t\t\t<\/div>\n\t\t\t\t<div class=\"elementor-element elementor-element-cbce8c8 elementor-invisible elementor-widget elementor-widget-heading\" data-id=\"cbce8c8\" data-element_type=\"widget\" data-e-type=\"widget\" data-settings=\"{&quot;_animation&quot;:&quot;fadeIn&quot;}\" data-widget_type=\"heading.default\">\n\t\t\t\t<div class=\"elementor-widget-container\">\n\t\t\t\t\t<p class=\"elementor-heading-title elementor-size-default\">Tourisme rural dans l\u2019Empord\u00e0 et la Costa Brava: de femme de m\u00e9nage \u00e0 entrepreneuse<\/p>\t\t\t\t<\/div>\n\t\t\t\t<\/div>\n\t\t\t\t\t<\/div>\n\t\t<\/div>\n\t\t\t\t\t<\/div>\n\t\t<\/section>\n\t\t<div class=\"elementor-element elementor-element-83b9d11 e-flex e-con-boxed e-con e-parent\" data-id=\"83b9d11\" data-element_type=\"container\" data-e-type=\"container\">\n\t\t\t\t\t<div class=\"e-con-inner\">\n\t\t\t\t\t<\/div>\n\t\t\t\t<\/div>\n\t\t\t\t\t<\/div>\n\t\t<\/div>\n\t\t\t\t\t<\/div>\n\t\t<\/section>\n\t\t\t\t<section class=\"elementor-section elementor-top-section elementor-element elementor-element-607a6c4 elementor-section-height-min-height elementor-section-stretched elementor-section-items-top elementor-section-boxed elementor-section-height-default\" data-id=\"607a6c4\" data-element_type=\"section\" data-e-type=\"section\" data-settings=\"{&quot;stretch_section&quot;:&quot;section-stretched&quot;,&quot;background_background&quot;:&quot;classic&quot;}\">\n\t\t\t\t\t\t\t<div class=\"elementor-background-overlay\"><\/div>\n\t\t\t\t\t\t\t<div class=\"elementor-container elementor-column-gap-no\">\n\t\t\t\t\t<div class=\"elementor-column elementor-col-100 elementor-top-column elementor-element elementor-element-71cc030\" data-id=\"71cc030\" data-element_type=\"column\" data-e-type=\"column\" data-settings=\"{&quot;background_background&quot;:&quot;gradient&quot;}\">\n\t\t\t<div class=\"elementor-widget-wrap elementor-element-populated\">\n\t\t\t\t\t<div class=\"elementor-background-overlay\"><\/div>\n\t\t\t\t\t\t<section class=\"elementor-section elementor-inner-section elementor-element elementor-element-c68adca elementor-section-height-min-height animated-slow elementor-hidden-mobile elementor-section-boxed elementor-section-height-default elementor-invisible\" data-id=\"c68adca\" data-element_type=\"section\" data-e-type=\"section\" data-settings=\"{&quot;background_background&quot;:&quot;classic&quot;,&quot;animation&quot;:&quot;fadeIn&quot;,&quot;animation_tablet&quot;:&quot;fadeInRight&quot;}\">\n\t\t\t\t\t\t<div class=\"elementor-container elementor-column-gap-no\">\n\t\t\t\t\t<div class=\"elementor-column elementor-col-100 elementor-inner-column elementor-element elementor-element-2865ef2\" data-id=\"2865ef2\" data-element_type=\"column\" data-e-type=\"column\">\n\t\t\t<div class=\"elementor-widget-wrap elementor-element-populated\">\n\t\t\t\t\t\t<div class=\"elementor-element elementor-element-e279a6e elementor-widget elementor-widget-spacer\" data-id=\"e279a6e\" data-element_type=\"widget\" data-e-type=\"widget\" data-widget_type=\"spacer.default\">\n\t\t\t\t<div class=\"elementor-widget-container\">\n\t\t\t\t\t\t\t<div class=\"elementor-spacer\">\n\t\t\t<div class=\"elementor-spacer-inner\"><\/div>\n\t\t<\/div>\n\t\t\t\t\t\t<\/div>\n\t\t\t\t<\/div>\n\t\t\t\t\t<\/div>\n\t\t<\/div>\n\t\t\t\t\t<\/div>\n\t\t<\/section>\n\t\t\t\t\t<\/div>\n\t\t<\/div>\n\t\t\t\t\t<\/div>\n\t\t<\/section>\n\t\t\t\t<section class=\"elementor-section elementor-top-section elementor-element elementor-element-92cf7f6 elementor-section-height-min-height elementor-section-stretched elementor-section-items-top elementor-section-boxed elementor-section-height-default\" data-id=\"92cf7f6\" data-element_type=\"section\" data-e-type=\"section\" data-settings=\"{&quot;stretch_section&quot;:&quot;section-stretched&quot;,&quot;background_background&quot;:&quot;classic&quot;}\">\n\t\t\t\t\t\t\t<div class=\"elementor-background-overlay\"><\/div>\n\t\t\t\t\t\t\t<div class=\"elementor-container elementor-column-gap-no\">\n\t\t\t\t\t<div class=\"elementor-column elementor-col-100 elementor-top-column elementor-element elementor-element-5efe844\" data-id=\"5efe844\" data-element_type=\"column\" data-e-type=\"column\">\n\t\t\t<div class=\"elementor-widget-wrap elementor-element-populated\">\n\t\t\t\t\t\t<div class=\"elementor-element elementor-element-fcdb993 elementor-widget elementor-widget-text-editor\" data-id=\"fcdb993\" data-element_type=\"widget\" data-e-type=\"widget\" data-widget_type=\"text-editor.default\">\n\t\t\t\t<div class=\"elementor-widget-container\">\n\t\t\t\t\t\t\t\t\t<p>En 2008, j\u2019ai commenc\u00e9 \u00e0 travailler \u00e0 <strong>Mas Darovie<\/strong>, la propri\u00e9t\u00e9 de Kylli et Blanca, dans le cadre de mon travail de nettoyage de maisons. Chaque lundi, de 8 h \u00e0 13 h, je passais des heures \u00e0 entretenir cette impressionnante maison de <strong>524 m\u00b2<\/strong>, en nettoyant diff\u00e9rentes zones chaque jour. Mas Darovie <strong>est situ\u00e9e<\/strong> dans la plaine de l\u2019Empordanet, \u00e0 Foix\u00e0, avec des vues spectaculaires et une r\u00e9novation impeccable qui donnait l\u2019impression que chaque lundi se d\u00e9roulait dans un film.<\/p><p>\u00a0<\/p><p>Au fil des ans, je suis tomb\u00e9e amoureuse de la propri\u00e9t\u00e9. J\u2019ai vu leurs petits-enfants grandir, les propri\u00e9taires vieillir, et chaque recoin de la maison racontait sa propre histoire. Mon lien avec eux s\u2019est renforc\u00e9 et j\u2019avais le sentiment que la maison faisait partie de ma vie.<\/p><p>\u00a0<\/p><p>Ce qui rend cette histoire sp\u00e9ciale, c\u2019est que <strong>tout a commenc\u00e9 dans l\u2019humilit\u00e9<\/strong>: travailler comme femme de m\u00e9nage dans des maisons d\u2019autrui, avec constance et sacrifice, apprendre chaque jour et conna\u00eetre la propri\u00e9t\u00e9 dans ses moindres d\u00e9tails. Peu \u00e0 peu, cette exp\u00e9rience s\u2019est transform\u00e9e en quelque chose de beaucoup plus grand.<\/p><p>\u00a0<\/p><p>En 2021, un jour inattendu est arriv\u00e9: on m\u2019a annonc\u00e9 que je ne pouvais plus travailler l\u00e0. Au d\u00e9but, je ne comprenais pas pourquoi, mais en quelques minutes tout est devenu clair : Kylli et Blanca partaient aux Canaries pour profiter d\u2019un climat plus chaud pendant leur retraite. La plus grande surprise \u00e9tait \u00e0 venir: ils m\u2019ont propos\u00e9 de <strong>g\u00e9rer Mas Darovie pendant leur absence<\/strong>, car je connaissais parfaitement la propri\u00e9t\u00e9 et j\u2019avais \u00e9galement de l\u2019exp\u00e9rience avec mes autres maisons rurales \u00e0 Madremanya.<\/p><p>\u00a0<\/p><p>J\u2019\u00e9tais stup\u00e9faite: une maison immense pour des groupes, isol\u00e9e, entour\u00e9e de nature, avec des vues de r\u00eave, et portant la m\u00eame essence que mes autres propri\u00e9t\u00e9s. C\u2019\u00e9tait l\u2019occasion id\u00e9ale de <strong>transformer ma vie gr\u00e2ce \u00e0 l\u2019effort, la passion et la pers\u00e9v\u00e9rance<\/strong>, et de faire \u00e9voluer mon projet de tourisme rural \u00e0 un nouveau niveau.<\/p><p>\u00a0<\/p><p>Aujourd\u2019hui, <strong>Mas Darovie<\/strong> fait partie de mon histoire aux c\u00f4t\u00e9s de mes deux autres maisons rurales. Chacune a sa propre identit\u00e9, mais elles partagent toutes le m\u00eame esprit : isolement, connexion avec la nature, confort et exp\u00e9riences uniques pour ceux qui recherchent des <strong>escapades rurales \u00e0 G\u00e9rone, dans l\u2019Empord\u00e0 et sur la Costa Brava<\/strong>.<\/p><p><br \/><br \/>G\u00e9rer ces trois propri\u00e9t\u00e9s me permet de <strong>continuer mon h\u00e9ritage<\/strong>, transformer chaque espace avec soin et offrir \u00e0 mes h\u00f4tes l\u2019occasion de vivre des exp\u00e9riences authentiques en pleine nature, avec paix, tranquillit\u00e9 et confort.<\/p><p>\u00a0<\/p><p><strong>Mas Darovie <\/strong>n\u2019est pas seulement une maison: c\u2019est un symbole de la mani\u00e8re <strong>dont une vie humble, avec constance, effort et passion pour ce que l\u2019on fait, peut se transformer en grandes r\u00e9ussites<\/strong>. Chaque s\u00e9jour ici est une invitation \u00e0 ressentir la magie de l\u2019Empord\u00e0 et \u00e0 faire partie de l\u2019histoire que nous avons construite avec amour.<\/p>\t\t\t\t\t\t\t\t<\/div>\n\t\t\t\t<\/div>\n\t\t\t\t\t<\/div>\n\t\t<\/div>\n\t\t\t\t\t<\/div>\n\t\t<\/section>\n\t\t\t\t<\/div>\n\t\t","protected":false},"excerpt":{"rendered":"<p>Mon histoire avec Mas Darovie Tourisme rural dans l\u2019Empord\u00e0 et la Costa Brava: de femme de m\u00e9nage \u00e0 entrepreneuse En 2008, j\u2019ai commenc\u00e9 \u00e0 travailler \u00e0 Mas Darovie, la propri\u00e9t\u00e9 de Kylli et Blanca, dans le cadre de mon travail de nettoyage de maisons. Chaque lundi, de 8 h \u00e0 13 h, je passais des &#8230;<\/p>\n","protected":false},"author":1,"featured_media":0,"parent":0,"menu_order":0,"comment_status":"closed","ping_status":"closed","template":"elementor_header_footer","meta":{"inline_featured_image":false,"_joinchat":[],"footnotes":""},"class_list":["post-46676","page","type-page","status-publish","hentry"],"_links":{"self":[{"href":"https:\/\/rusticfind.com\/fr\/wp-json\/wp\/v2\/pages\/46676","targetHints":{"allow":["GET"]}}],"collection":[{"href":"https:\/\/rusticfind.com\/fr\/wp-json\/wp\/v2\/pages"}],"about":[{"href":"https:\/\/rusticfind.com\/fr\/wp-json\/wp\/v2\/types\/page"}],"author":[{"embeddable":true,"href":"https:\/\/rusticfind.com\/fr\/wp-json\/wp\/v2\/users\/1"}],"replies":[{"embeddable":true,"href":"https:\/\/rusticfind.com\/fr\/wp-json\/wp\/v2\/comments?post=46676"}],"version-history":[{"count":4,"href":"https:\/\/rusticfind.com\/fr\/wp-json\/wp\/v2\/pages\/46676\/revisions"}],"predecessor-version":[{"id":46710,"href":"https:\/\/rusticfind.com\/fr\/wp-json\/wp\/v2\/pages\/46676\/revisions\/46710"}],"wp:attachment":[{"href":"https:\/\/rusticfind.com\/fr\/wp-json\/wp\/v2\/media?parent=46676"}],"curies":[{"name":"wp","href":"https:\/\/api.w.org\/{rel}","templated":true}]}}