{"id":46473,"date":"2026-01-16T11:54:05","date_gmt":"2026-01-16T09:54:05","guid":{"rendered":"https:\/\/rusticfind.com\/lhistoire-del-roure\/"},"modified":"2026-01-17T23:45:57","modified_gmt":"2026-01-17T21:45:57","slug":"lhistoire-del-roure-2","status":"publish","type":"page","link":"https:\/\/rusticfind.com\/fr\/lhistoire-del-roure-2\/","title":{"rendered":"L\u2019histoire d\u2019El Roure"},"content":{"rendered":"\t\t<div data-elementor-type=\"wp-page\" data-elementor-id=\"46473\" class=\"elementor elementor-46473\" data-elementor-post-type=\"page\">\n\t\t\t\t<div class=\"elementor-element elementor-element-fcc51c4 e-flex e-con-boxed e-con e-parent\" data-id=\"fcc51c4\" data-element_type=\"container\" data-e-type=\"container\">\n\t\t\t\t\t<div class=\"e-con-inner\">\n\t\t\t\t<div class=\"elementor-element elementor-element-e0548f3 elementor-widget elementor-widget-text-editor\" data-id=\"e0548f3\" data-element_type=\"widget\" data-e-type=\"widget\" data-widget_type=\"text-editor.default\">\n\t\t\t\t<div class=\"elementor-widget-container\">\n\t\t\t\t\t\t\t\t\t<p><strong>Un hommage \u00e0 mes racines et un refuge authentique au c\u0153ur des Pyr\u00e9n\u00e9es<\/strong><\/p>\n<p><\/p>\n<p>Je suis Rosa, et l\u2019histoire d\u2019<strong>El Roure<\/strong>, aujourd\u2019hui une maison rurale \u00e0 Moll\u00f3 con\u00e7ue pour le repos et le bien-\u00eatre, commence bien avant ma naissance. n 1984, mon p\u00e8re a pris l\u2019une des d\u00e9cisions les plus courageuses de sa vie: il a vendu tout le b\u00e9tail de notre famille pour acheter une ancienne maison en pierre dans ce petit village isol\u00e9 des <strong>Pyr\u00e9n\u00e9es de G\u00e9rone<\/strong>. E Pour lui, cette maison \u00e9tait un r\u00eave, un d\u00e9fi et une profonde connexion avec la nature.<\/p>\n<p><\/p>\n<p>Je suis n\u00e9e en 1985, et <strong>El Roure<\/strong> est devenu mon premier foyer et le lieu o\u00f9 se sont form\u00e9s mes souvenirs les plus pr\u00e9cieux. Bien que nous ayons d\u00e9m\u00e9nag\u00e9 dans l\u2019Empord\u00e0, \u00e0 Vila-sacra, pour le travail, nous retournions toujours dans les Pyr\u00e9n\u00e9es d\u00e8s que possible. Chaque week-end nourrissait le r\u00eave de restaurer un jour la maison et de lui redonner vie, m\u00eame si c\u2019\u00e9tait alors un souhait lointain. Mon p\u00e8re, un humble travailleur agricole, n\u2019a jamais eu les moyens de le r\u00e9aliser.<\/p>\n<p><\/p>\n<p>En 2014, mes parents ont divorc\u00e9, et mon p\u00e8re est revenu plus tard \u00e0 <strong>El Roure<\/strong>. La maison \u00e9tait toujours la m\u00eame: sans isolation, sans eau potable et avec peu de lumi\u00e8re. Pourtant, il y habitait du mieux qu\u2019il pouvait, attach\u00e9 \u00e0 son refuge.<\/p>\n<p><\/p>\n<p>Mais en 2019, le cancer est revenu. Malgr\u00e9 notre lutte, la pand\u00e9mie a satur\u00e9 les h\u00f4pitaux et il n\u2019a pas pu recevoir les soins n\u00e9cessaires. Ce furent les jours les plus difficiles de ma vie. Lorsqu\u2019il est parti, il laissa un immense vide\u2026 et un h\u00e9ritage qui allait changer mon avenir \u00e0 jamais.<\/p>\n<p><\/p>\n<p>En lisant son testament avec mes s\u0153urs et d\u00e9couvrant qu\u2019il m\u2019avait l\u00e9gu\u00e9 <strong>El Roure<\/strong>, j\u2019ai compris qu\u2019il \u00e9tait temps de donner vie \u00e0 ce qu\u2019il n\u2019avait pu : transformer notre maison familiale en un lieu de bien-\u00eatre, nature et d\u00e9connexion pour les autres.<\/p>\n<p><\/p>\n<p>J\u2019ai contract\u00e9 un pr\u00eat pour r\u00e9aliser une r\u00e9novation compl\u00e8te. Pendant un an, mon mari et moi avons voyag\u00e9 quotidiennement depuis Madremanya pour travailler sur le projet. Avec effort, d\u00e9vouement et beaucoup d\u2019amour, nous avons restaur\u00e9 chaque recoin, en conservant son essence et en l\u2019adaptant au confort moderne.<\/p>\n<p><\/p>\n<p>Aujourd\u2019hui, El Roure rena\u00eet comme maison rurale dans les <strong>Pyr\u00e9n\u00e9es<\/strong>, pens\u00e9e pour ceux qui recherchent tranquillit\u00e9, nature et exp\u00e9riences authentiques.<\/p>\n<p><\/p>\n<p>Un lieu id\u00e9al pour des escapades de week-end, <strong>tourisme rural \u00e0 G\u00e9rone<\/strong>, retraites bien-\u00eatre, vacances en famille ou s\u00e9jours pour se d\u00e9connecter et se reconnecter \u00e0 soi-m\u00eame.<\/p>\n<p><\/p>\n<p>Ayant toujours v\u00e9cu dans des maisons isol\u00e9es en pleine nature, c\u2019est ce que je veux vous offrir : un refuge unique o\u00f9 le silence, le paysage et le calme sont les protagonistes.<\/p><p><strong><br><\/strong><\/p><p><strong>El Roure<\/strong> n\u2019est pas seulement un h\u00e9bergement rural. C\u2019est mon histoire, l\u2019h\u00e9ritage de mon p\u00e8re et un espace cr\u00e9\u00e9 pour que vous viviez des moments inoubliables au c\u0153ur des Pyr\u00e9n\u00e9es.<\/p>\t\t\t\t\t\t\t\t<\/div>\n\t\t\t\t<\/div>\n\t\t\t\t\t<\/div>\n\t\t\t\t<\/div>\n\t\t\t\t<\/div>\n\t\t","protected":false},"excerpt":{"rendered":"<p>Un hommage \u00e0 mes racines et un refuge authentique au c\u0153ur des Pyr\u00e9n\u00e9es Je suis Rosa, et l\u2019histoire d\u2019El Roure, aujourd\u2019hui une maison rurale \u00e0 Moll\u00f3 con\u00e7ue pour le repos et le bien-\u00eatre, commence bien avant ma naissance. n 1984, mon p\u00e8re a pris l\u2019une des d\u00e9cisions les plus courageuses de sa vie: il a &#8230;<\/p>\n","protected":false},"author":1,"featured_media":0,"parent":0,"menu_order":0,"comment_status":"closed","ping_status":"closed","template":"","meta":{"inline_featured_image":false,"_joinchat":[],"footnotes":""},"class_list":["post-46473","page","type-page","status-publish","hentry"],"_links":{"self":[{"href":"https:\/\/rusticfind.com\/fr\/wp-json\/wp\/v2\/pages\/46473","targetHints":{"allow":["GET"]}}],"collection":[{"href":"https:\/\/rusticfind.com\/fr\/wp-json\/wp\/v2\/pages"}],"about":[{"href":"https:\/\/rusticfind.com\/fr\/wp-json\/wp\/v2\/types\/page"}],"author":[{"embeddable":true,"href":"https:\/\/rusticfind.com\/fr\/wp-json\/wp\/v2\/users\/1"}],"replies":[{"embeddable":true,"href":"https:\/\/rusticfind.com\/fr\/wp-json\/wp\/v2\/comments?post=46473"}],"version-history":[{"count":1,"href":"https:\/\/rusticfind.com\/fr\/wp-json\/wp\/v2\/pages\/46473\/revisions"}],"predecessor-version":[{"id":46474,"href":"https:\/\/rusticfind.com\/fr\/wp-json\/wp\/v2\/pages\/46473\/revisions\/46474"}],"wp:attachment":[{"href":"https:\/\/rusticfind.com\/fr\/wp-json\/wp\/v2\/media?parent=46473"}],"curies":[{"name":"wp","href":"https:\/\/api.w.org\/{rel}","templated":true}]}}