{"id":42915,"date":"2024-02-15T17:55:12","date_gmt":"2024-02-15T15:55:12","guid":{"rendered":"https:\/\/rusticfind.com\/avis-legal\/"},"modified":"2024-03-11T11:04:10","modified_gmt":"2024-03-11T09:04:10","slug":"mentions-legales","status":"publish","type":"page","link":"https:\/\/rusticfind.com\/fr\/mentions-legales\/","title":{"rendered":"Mentions l\u00e9gales"},"content":{"rendered":"\t\t<div data-elementor-type=\"wp-page\" data-elementor-id=\"42915\" class=\"elementor elementor-42915 elementor-40503\" data-elementor-post-type=\"page\">\n\t\t\t\t<div class=\"elementor-element elementor-element-be6071e e-flex e-con-boxed e-con e-parent\" data-id=\"be6071e\" data-element_type=\"container\" data-e-type=\"container\">\n\t\t\t\t\t<div class=\"e-con-inner\">\n\t\t<div class=\"elementor-element elementor-element-479e125 e-flex e-con-boxed e-con e-child\" data-id=\"479e125\" data-element_type=\"container\" data-e-type=\"container\">\n\t\t\t\t\t<div class=\"e-con-inner\">\n\t\t\t\t<div class=\"elementor-element elementor-element-f98edc0 elementor-widget elementor-widget-heading\" data-id=\"f98edc0\" data-element_type=\"widget\" data-e-type=\"widget\" data-widget_type=\"heading.default\">\n\t\t\t\t<div class=\"elementor-widget-container\">\n\t\t\t\t\t<h1 class=\"elementor-heading-title elementor-size-default\">Mentions l\u00e9gales<\/h1>\t\t\t\t<\/div>\n\t\t\t\t<\/div>\n\t\t\t\t<div class=\"elementor-element elementor-element-69d804e elementor-widget elementor-widget-heading\" data-id=\"69d804e\" data-element_type=\"widget\" data-e-type=\"widget\" data-widget_type=\"heading.default\">\n\t\t\t\t<div class=\"elementor-widget-container\">\n\t\t\t\t\t<h3 class=\"elementor-heading-title elementor-size-default\">Loi sur les services de la soci\u00e9t\u00e9 de l'information (LSSI)<\/h3>\t\t\t\t<\/div>\n\t\t\t\t<\/div>\n\t\t\t\t<div class=\"elementor-element elementor-element-9c69a84 elementor-widget elementor-widget-text-editor\" data-id=\"9c69a84\" data-element_type=\"widget\" data-e-type=\"widget\" data-widget_type=\"text-editor.default\">\n\t\t\t\t<div class=\"elementor-widget-container\">\n\t\t\t\t\t\t\t\t\t<p><strong>Rustic Find<\/strong>, responsable du site Web, ci-apr\u00e8s d\u00e9nomm\u00e9 le RESPONSABLE, met \u00e0 la disposition des utilisateurs le pr\u00e9sent document, par lequel il entend respecter les obligations pr\u00e9vues par la Loi 34\/2002 du 11 juillet 2002, sur les services de la soci\u00e9t\u00e9 de l\u2019information et le commerce \u00e9lectronique (LSSICE), BOE n\u00ba 166, ainsi qu\u2019informer tous les utilisateurs du site Web des conditions d\u2019utilisation.<\/p>\n\t\t\t\t\t\t\t\t<\/div>\n\t\t\t\t<\/div>\n\t\t\t\t<div class=\"elementor-element elementor-element-ecd0a21 elementor-widget elementor-widget-text-editor\" data-id=\"ecd0a21\" data-element_type=\"widget\" data-e-type=\"widget\" data-widget_type=\"text-editor.default\">\n\t\t\t\t<div class=\"elementor-widget-container\">\n\t\t\t\t\t\t\t\t\t<p>Toute personne acc\u00e9dant \u00e0 ce site Web est consid\u00e9r\u00e9e comme utilisateur et s\u2019engage \u00e0 respecter scrupuleusement les dispositions du pr\u00e9sent document, ainsi que toute autre disposition l\u00e9gale applicable.<\/p>\n\t\t\t\t\t\t\t\t<\/div>\n\t\t\t\t<\/div>\n\t\t\t\t<div class=\"elementor-element elementor-element-8530edc elementor-widget elementor-widget-text-editor\" data-id=\"8530edc\" data-element_type=\"widget\" data-e-type=\"widget\" data-widget_type=\"text-editor.default\">\n\t\t\t\t<div class=\"elementor-widget-container\">\n\t\t\t\t\t\t\t\t\t<p>Le RESPONSABLE se r\u00e9serve le droit de modifier tout type d\u2019information susceptible d\u2019appara\u00eetre sur le site Web, sans obligation de pr\u00e9avis ni d\u2019information des utilisateurs, la publication sur le site de Rustic Find \u00e9tant consid\u00e9r\u00e9e comme suffisante.<\/p>\n\t\t\t\t\t\t\t\t<\/div>\n\t\t\t\t<\/div>\n\t\t\t\t<div class=\"elementor-element elementor-element-678da66 elementor-widget elementor-widget-heading\" data-id=\"678da66\" data-element_type=\"widget\" data-e-type=\"widget\" data-widget_type=\"heading.default\">\n\t\t\t\t<div class=\"elementor-widget-container\">\n\t\t\t\t\t<h3 class=\"elementor-heading-title elementor-size-default\">1. Donn\u00e9es d'identification<\/h3>\t\t\t\t<\/div>\n\t\t\t\t<\/div>\n\t\t\t\t<div class=\"elementor-element elementor-element-8b66aac elementor-widget elementor-widget-text-editor\" data-id=\"8b66aac\" data-element_type=\"widget\" data-e-type=\"widget\" data-widget_type=\"text-editor.default\">\n\t\t\t\t<div class=\"elementor-widget-container\">\n\t\t\t\t\t\t\t\t\t<p>Nom de domaine : rusticfind.com<br \/>Nom commercial : Rustic Find<br \/>Raison sociale : Rosa Maria Freixa Ferreira<br \/>Num\u00e9ro de TVA : 41551883Z<br \/>Si\u00e8ge social : Ve\u00efnat Ginestosa, 15, 17868 Moll\u00f3, Girona<br \/>T\u00e9l\u00e9phone : (+34) <span aria-label=\"Truca al n\u00famero de tel\u00e8fon 651 44 88 43\">651 44 88 43<\/span><br \/>Adresse \u00e9lectronique : info@rusticfind.com<\/p>\t\t\t\t\t\t\t\t<\/div>\n\t\t\t\t<\/div>\n\t\t\t\t<div class=\"elementor-element elementor-element-5fd1cd8 elementor-widget elementor-widget-heading\" data-id=\"5fd1cd8\" data-element_type=\"widget\" data-e-type=\"widget\" data-widget_type=\"heading.default\">\n\t\t\t\t<div class=\"elementor-widget-container\">\n\t\t\t\t\t<h3 class=\"elementor-heading-title elementor-size-default\">2. Droits de propri\u00e9t\u00e9 intellectuelle et industrielle<\/h3>\t\t\t\t<\/div>\n\t\t\t\t<\/div>\n\t\t\t\t<div class=\"elementor-element elementor-element-f69a312 elementor-widget elementor-widget-text-editor\" data-id=\"f69a312\" data-element_type=\"widget\" data-e-type=\"widget\" data-widget_type=\"text-editor.default\">\n\t\t\t\t<div class=\"elementor-widget-container\">\n\t\t\t\t\t\t\t\t\t<p>Le site Web, y compris, mais sans s\u2019y limiter, sa programmation, son \u00e9dition, sa compilation et autres \u00e9l\u00e9ments n\u00e9cessaires \u00e0 son fonctionnement, maquettes, logos, textes ou graphiques, appartiennent au RESPONSABLE ou, le cas \u00e9ch\u00e9ant, b\u00e9n\u00e9ficient d\u2019une licence ou d\u2019une autorisation expresse de la part des auteurs. Tous les contenus du site Web sont d\u00fbment prot\u00e9g\u00e9s par la r\u00e9glementation en mati\u00e8re de propri\u00e9t\u00e9 intellectuelle et industrielle, et sont inscrits dans les registres publics correspondants.<\/p>\n\t\t\t\t\t\t\t\t<\/div>\n\t\t\t\t<\/div>\n\t\t\t\t<div class=\"elementor-element elementor-element-25bfcb1 elementor-widget elementor-widget-text-editor\" data-id=\"25bfcb1\" data-element_type=\"widget\" data-e-type=\"widget\" data-widget_type=\"text-editor.default\">\n\t\t\t\t<div class=\"elementor-widget-container\">\n\t\t\t\t\t\t\t\t\t<p>Quelle que soit la finalit\u00e9 poursuivie, la reproduction totale ou partielle, l\u2019utilisation, l\u2019exploitation, la distribution et la commercialisation, requi\u00e8rent dans tous les cas l\u2019autorisation \u00e9crite pr\u00e9alable du RESPONSABLE. Toute utilisation non autoris\u00e9e est consid\u00e9r\u00e9e comme une violation grave des droits de propri\u00e9t\u00e9 intellectuelle ou industrielle de l\u2019auteur.<\/p>\n\t\t\t\t\t\t\t\t<\/div>\n\t\t\t\t<\/div>\n\t\t\t\t<div class=\"elementor-element elementor-element-834c88a elementor-widget elementor-widget-text-editor\" data-id=\"834c88a\" data-element_type=\"widget\" data-e-type=\"widget\" data-widget_type=\"text-editor.default\">\n\t\t\t\t<div class=\"elementor-widget-container\">\n\t\t\t\t\t\t\t\t\t<p>Les maquettes, logos, textes ou graphiques qui n\u2019appartiennent pas au RESPONSABLE et peuvent appara\u00eetre sur le site Web appartiennent \u00e0 leurs propri\u00e9taires respectifs, eux-m\u00eames responsables de toute controverse \u00e9ventuelle \u00e0 leur sujet. Le RESPONSABLE autorise express\u00e9ment des tiers \u00e0 se rediriger directement vers les contenus sp\u00e9cifiques du site Web, et dans tous les cas \u00e0 se rediriger vers le site principal rusticfind.com.<\/p>\n\t\t\t\t\t\t\t\t<\/div>\n\t\t\t\t<\/div>\n\t\t\t\t<div class=\"elementor-element elementor-element-47eec1c elementor-widget elementor-widget-text-editor\" data-id=\"47eec1c\" data-element_type=\"widget\" data-e-type=\"widget\" data-widget_type=\"text-editor.default\">\n\t\t\t\t<div class=\"elementor-widget-container\">\n\t\t\t\t\t\t\t\t\t<p>Le RESPONSABLE reconna\u00eet les droits de propri\u00e9t\u00e9 intellectuelle et industrielle de leurs propri\u00e9taires, et leur simple mention ou apparition sur le site Web n\u2019implique pas l\u2019existence d\u2019un droit ou d\u2019une responsabilit\u00e9 quelconque \u00e0 leur \u00e9gard, ni aucune approbation, parrainage ou recommandation de sa part.<\/p>\n\t\t\t\t\t\t\t\t<\/div>\n\t\t\t\t<\/div>\n\t\t\t\t<div class=\"elementor-element elementor-element-c60db1f elementor-widget elementor-widget-text-editor\" data-id=\"c60db1f\" data-element_type=\"widget\" data-e-type=\"widget\" data-widget_type=\"text-editor.default\">\n\t\t\t\t<div class=\"elementor-widget-container\">\n\t\t\t\t\t\t\t\t\t<p>Pour toute observation sur d\u2019\u00e9ventuelles violations des droits de propri\u00e9t\u00e9 intellectuelle ou industrielle, ainsi que sur le contenu du site Web, vous pouvez envoyer un courriel \u00e0 l\u2019adresse info@rusticfind.com.<\/p>\n\t\t\t\t\t\t\t\t<\/div>\n\t\t\t\t<\/div>\n\t\t\t\t<div class=\"elementor-element elementor-element-1f8071b elementor-widget elementor-widget-heading\" data-id=\"1f8071b\" data-element_type=\"widget\" data-e-type=\"widget\" data-widget_type=\"heading.default\">\n\t\t\t\t<div class=\"elementor-widget-container\">\n\t\t\t\t\t<h3 class=\"elementor-heading-title elementor-size-default\">3. Exclusion de responsabilit\u00e9<\/h3>\t\t\t\t<\/div>\n\t\t\t\t<\/div>\n\t\t\t\t<div class=\"elementor-element elementor-element-204bc8f elementor-widget elementor-widget-text-editor\" data-id=\"204bc8f\" data-element_type=\"widget\" data-e-type=\"widget\" data-widget_type=\"text-editor.default\">\n\t\t\t\t<div class=\"elementor-widget-container\">\n\t\t\t\t\t\t\t\t\t<p>Le RESPONSABLE d\u00e9cline toute responsabilit\u00e9 pour les informations publi\u00e9es sur son site Web si ces informations ont \u00e9t\u00e9 manipul\u00e9es ou introduites par un tiers ext\u00e9rieur.<\/p>\n\t\t\t\t\t\t\t\t<\/div>\n\t\t\t\t<\/div>\n\t\t\t\t<div class=\"elementor-element elementor-element-1ded2cf elementor-widget elementor-widget-heading\" data-id=\"1ded2cf\" data-element_type=\"widget\" data-e-type=\"widget\" data-widget_type=\"heading.default\">\n\t\t\t\t<div class=\"elementor-widget-container\">\n\t\t\t\t\t<h4 class=\"elementor-heading-title elementor-size-default\">Utilisation des cookies<\/h4>\t\t\t\t<\/div>\n\t\t\t\t<\/div>\n\t\t\t\t<div class=\"elementor-element elementor-element-8cb3fb6 elementor-widget elementor-widget-text-editor\" data-id=\"8cb3fb6\" data-element_type=\"widget\" data-e-type=\"widget\" data-widget_type=\"text-editor.default\">\n\t\t\t\t<div class=\"elementor-widget-container\">\n\t\t\t\t\t\t\t\t\t<p>Ce site Web peut utiliser des cookies techniques (petits fichiers d\u2019information que le serveur envoie sur l\u2019ordinateur de la personne qui acc\u00e8de \u00e0 la page) pour ex\u00e9cuter certaines fonctions consid\u00e9r\u00e9es comme essentielles au bon fonctionnement et \u00e0 l\u2019affichage du site. Les cookies utilis\u00e9s sont, en tout \u00e9tat de cause, de nature temporaire, le seul but \u00e9tant d\u2019am\u00e9liorer la navigation, et disparaissent \u00e0 la fin de la session de l\u2019utilisateur. En aucun cas ces cookies ne fournissent eux-m\u00eames des donn\u00e9es personnelles et ne seront utilis\u00e9s pour collecter de telles donn\u00e9es.<\/p>\n\t\t\t\t\t\t\t\t<\/div>\n\t\t\t\t<\/div>\n\t\t\t\t<div class=\"elementor-element elementor-element-761621b elementor-widget elementor-widget-text-editor\" data-id=\"761621b\" data-element_type=\"widget\" data-e-type=\"widget\" data-widget_type=\"text-editor.default\">\n\t\t\t\t<div class=\"elementor-widget-container\">\n\t\t\t\t\t\t\t\t\t<p>Gr\u00e2ce \u00e0 l\u2019utilisation de cookies, il est \u00e9galement possible que le serveur qui h\u00e9berge le site Web reconnaisse le navigateur utilis\u00e9 par l\u2019utilisateur afin de faciliter la navigation, en permettant, par exemple, aux utilisateurs d\u00e9j\u00e0 inscrits d\u2019acc\u00e9der \u00e0 des sections, services, promotions ou concours qui leur sont exclusivement r\u00e9serv\u00e9s, sans avoir \u00e0 renseigner leurs identifiants \u00e0 chaque visite.<\/p>\n\t\t\t\t\t\t\t\t<\/div>\n\t\t\t\t<\/div>\n\t\t\t\t<div class=\"elementor-element elementor-element-78281d0 elementor-widget elementor-widget-text-editor\" data-id=\"78281d0\" data-element_type=\"widget\" data-e-type=\"widget\" data-widget_type=\"text-editor.default\">\n\t\t\t\t<div class=\"elementor-widget-container\">\n\t\t\t\t\t\t\t\t\t<p>Ils peuvent \u00e9galement \u00eatre utilis\u00e9s pour mesurer l\u2019audience, les param\u00e8tres de trafic, contr\u00f4ler la progression et le nombre d\u2019entr\u00e9es, etc. Dans ce cas, les cookies ne sont pas techniquement indispensables, mais utiles pour l\u2019utilisateur. Ce site Web n\u2019installera pas de cookies non indispensables sans le consentement pr\u00e9alable de l\u2019utilisateur.<\/p>\n\t\t\t\t\t\t\t\t<\/div>\n\t\t\t\t<\/div>\n\t\t\t\t<div class=\"elementor-element elementor-element-a2ae811 elementor-widget elementor-widget-text-editor\" data-id=\"a2ae811\" data-element_type=\"widget\" data-e-type=\"widget\" data-widget_type=\"text-editor.default\">\n\t\t\t\t<div class=\"elementor-widget-container\">\n\t\t\t\t\t\t\t\t\t<p>L\u2019utilisateur a la possibilit\u00e9 de configurer son navigateur pour \u00eatre alert\u00e9 de la r\u00e9ception de cookies et emp\u00eacher leur installation sur son appareil. Veuillez consulter les instructions de votre navigateur pour plus d\u2019informations.<\/p>\n\t\t\t\t\t\t\t\t<\/div>\n\t\t\t\t<\/div>\n\t\t\t\t<div class=\"elementor-element elementor-element-ea4348a elementor-widget elementor-widget-heading\" data-id=\"ea4348a\" data-element_type=\"widget\" data-e-type=\"widget\" data-widget_type=\"heading.default\">\n\t\t\t\t<div class=\"elementor-widget-container\">\n\t\t\t\t\t<h4 class=\"elementor-heading-title elementor-size-default\">Politique relative aux liens<\/h4>\t\t\t\t<\/div>\n\t\t\t\t<\/div>\n\t\t\t\t<div class=\"elementor-element elementor-element-acf4715 elementor-widget elementor-widget-text-editor\" data-id=\"acf4715\" data-element_type=\"widget\" data-e-type=\"widget\" data-widget_type=\"text-editor.default\">\n\t\t\t\t<div class=\"elementor-widget-container\">\n\t\t\t\t\t\t\t\t\t<p>\u00c0 partir du site Web, vous pouvez \u00eatre redirig\u00e9 vers le contenu de sites Web de tiers. Le RESPONSABLE ne pouvant pas toujours contr\u00f4ler le contenu affich\u00e9 par des tiers sur leurs sites Web, il ne peut \u00eatre tenu pour responsable de ce contenu. En tout \u00e9tat de cause, il retirera imm\u00e9diatement tout contenu susceptible de contrevenir \u00e0 la l\u00e9gislation nationale ou internationale, \u00e0 la morale ou \u00e0 l\u2019ordre public, en supprimant imm\u00e9diatement la redirection vers ce site Web et en informant les autorit\u00e9s comp\u00e9tentes du contenu en question.<\/p>\n\t\t\t\t\t\t\t\t<\/div>\n\t\t\t\t<\/div>\n\t\t\t\t<div class=\"elementor-element elementor-element-bb643b1 elementor-widget elementor-widget-text-editor\" data-id=\"bb643b1\" data-element_type=\"widget\" data-e-type=\"widget\" data-widget_type=\"text-editor.default\">\n\t\t\t\t<div class=\"elementor-widget-container\">\n\t\t\t\t\t\t\t\t\t<p>Le RESPONSABLE n\u2019est pas responsable des informations et du contenu pr\u00e9sents, y compris, mais sans s\u2019y limiter, dans les forums, chats, g\u00e9n\u00e9rateurs de blogs, commentaires, r\u00e9seaux sociaux ou tout autre support permettant \u00e0 des tiers de publier du contenu de mani\u00e8re ind\u00e9pendante sur le site Web du RESPONSABLE. Toutefois, et conform\u00e9ment aux dispositions des articles 11 et 16 de la LSSICE, il se met \u00e0 la disposition de tous les utilisateurs, autorit\u00e9s et forces de s\u00e9curit\u00e9, en collaborant activement au retrait ou, le cas \u00e9ch\u00e9ant, au blocage de tout contenu susceptible d\u2019affecter ou de contrevenir \u00e0 la l\u00e9gislation nationale ou internationale, aux droits des tiers ou \u00e0 la morale et \u00e0 l\u2019ordre public. i l\u2019utilisateur consid\u00e8re que le contenu du site Web est susceptible d\u2019\u00eatre class\u00e9 dans cette cat\u00e9gorie, il est pri\u00e9 d\u2019en informer imm\u00e9diatement l\u2019administrateur du site Web.<\/p>\n\t\t\t\t\t\t\t\t<\/div>\n\t\t\t\t<\/div>\n\t\t\t\t<div class=\"elementor-element elementor-element-af5ad07 elementor-widget elementor-widget-text-editor\" data-id=\"af5ad07\" data-element_type=\"widget\" data-e-type=\"widget\" data-widget_type=\"text-editor.default\">\n\t\t\t\t<div class=\"elementor-widget-container\">\n\t\t\t\t\t\t\t\t\t<p>Ce site Web a \u00e9t\u00e9 revu et test\u00e9 afin de s\u2019assurer qu\u2019il fonctionne correctement. En principe, le bon fonctionnement peut \u00eatre garanti 365 jours par an, 24 heures sur 24. Toutefois, le RESPONSABLE n\u2019exclut pas le risque d\u2019erreurs de programmation, ou de cas de force majeure, de catastrophes naturelles, de gr\u00e8ves ou de circonstances similaires qui rendent l\u2019acc\u00e8s au site Web impossible.<\/p>\n\t\t\t\t\t\t\t\t<\/div>\n\t\t\t\t<\/div>\n\t\t\t\t<div class=\"elementor-element elementor-element-77b0dc0 elementor-widget elementor-widget-heading\" data-id=\"77b0dc0\" data-element_type=\"widget\" data-e-type=\"widget\" data-widget_type=\"heading.default\">\n\t\t\t\t<div class=\"elementor-widget-container\">\n\t\t\t\t\t<h4 class=\"elementor-heading-title elementor-size-default\">Adresses IP<\/h4>\t\t\t\t<\/div>\n\t\t\t\t<\/div>\n\t\t\t\t<div class=\"elementor-element elementor-element-c674701 elementor-widget elementor-widget-text-editor\" data-id=\"c674701\" data-element_type=\"widget\" data-e-type=\"widget\" data-widget_type=\"text-editor.default\">\n\t\t\t\t<div class=\"elementor-widget-container\">\n\t\t\t\t\t\t\t\t\t<p>Les serveurs du site Web peuvent d\u00e9tecter automatiquement l\u2019adresse IP et le nom de domaine de l\u2019utilisateur. Une adresse IP est un num\u00e9ro automatiquement attribu\u00e9 \u00e0 un ordinateur lorsqu\u2019il se connecte \u00e0 Internet. Toutes ces informations sont enregistr\u00e9es dans un fichier d\u2019activit\u00e9 du serveur d\u00fbment enregistr\u00e9 qui permet le traitement ult\u00e9rieur des donn\u00e9es, afin d\u2019obtenir des mesures purement statistiques permettant de conna\u00eetre le nombre d\u2019impressions de pages, le nombre de visites effectu\u00e9es sur les serveurs Web, l\u2019ordre des visites, le point d\u2019acc\u00e8s, etc.<\/p>\n\t\t\t\t\t\t\t\t<\/div>\n\t\t\t\t<\/div>\n\t\t\t\t<div class=\"elementor-element elementor-element-d239a38 elementor-widget elementor-widget-heading\" data-id=\"d239a38\" data-element_type=\"widget\" data-e-type=\"widget\" data-widget_type=\"heading.default\">\n\t\t\t\t<div class=\"elementor-widget-container\">\n\t\t\t\t\t<h3 class=\"elementor-heading-title elementor-size-default\">4. Loi applicable et juridiction<\/h3>\t\t\t\t<\/div>\n\t\t\t\t<\/div>\n\t\t\t\t<div class=\"elementor-element elementor-element-332538c elementor-widget elementor-widget-text-editor\" data-id=\"332538c\" data-element_type=\"widget\" data-e-type=\"widget\" data-widget_type=\"text-editor.default\">\n\t\t\t\t<div class=\"elementor-widget-container\">\n\t\t\t\t\t\t\t\t\t<p>Pour la r\u00e9solution de tous les litiges ou diff\u00e9rends li\u00e9s \u00e0 ce site Internet ou aux activit\u00e9s r\u00e9alis\u00e9es sur celui-ci, la l\u00e9gislation espagnole sera applicable, les parties s\u2019y soumettant express\u00e9ment, et les cours et tribunaux les plus proches de Baixada de Miramar, 8 17132 Foix\u00e0 (G\u00e9rone), seront comp\u00e9tents pour la r\u00e9solution de tous les litiges d\u00e9coulant de son utilisation ou li\u00e9s \u00e0 celle-ci.<\/p>\n\t\t\t\t\t\t\t\t<\/div>\n\t\t\t\t<\/div>\n\t\t\t\t\t<\/div>\n\t\t\t\t<\/div>\n\t\t\t\t\t<\/div>\n\t\t\t\t<\/div>\n\t\t\t\t<\/div>\n\t\t","protected":false},"excerpt":{"rendered":"<p>Mentions l\u00e9gales Loi sur les services de la soci\u00e9t\u00e9 de l&rsquo;information (LSSI) Rustic Find, responsable du site Web, ci-apr\u00e8s d\u00e9nomm\u00e9 le RESPONSABLE, met \u00e0 la disposition des utilisateurs le pr\u00e9sent document, par lequel il entend respecter les obligations pr\u00e9vues par la Loi 34\/2002 du 11 juillet 2002, sur les services de la soci\u00e9t\u00e9 de l\u2019information &#8230;<\/p>\n","protected":false},"author":1,"featured_media":0,"parent":0,"menu_order":0,"comment_status":"closed","ping_status":"closed","template":"elementor_header_footer","meta":{"inline_featured_image":false,"_joinchat":[],"footnotes":""},"class_list":["post-42915","page","type-page","status-publish","hentry"],"_links":{"self":[{"href":"https:\/\/rusticfind.com\/fr\/wp-json\/wp\/v2\/pages\/42915","targetHints":{"allow":["GET"]}}],"collection":[{"href":"https:\/\/rusticfind.com\/fr\/wp-json\/wp\/v2\/pages"}],"about":[{"href":"https:\/\/rusticfind.com\/fr\/wp-json\/wp\/v2\/types\/page"}],"author":[{"embeddable":true,"href":"https:\/\/rusticfind.com\/fr\/wp-json\/wp\/v2\/users\/1"}],"replies":[{"embeddable":true,"href":"https:\/\/rusticfind.com\/fr\/wp-json\/wp\/v2\/comments?post=42915"}],"version-history":[{"count":8,"href":"https:\/\/rusticfind.com\/fr\/wp-json\/wp\/v2\/pages\/42915\/revisions"}],"predecessor-version":[{"id":44219,"href":"https:\/\/rusticfind.com\/fr\/wp-json\/wp\/v2\/pages\/42915\/revisions\/44219"}],"wp:attachment":[{"href":"https:\/\/rusticfind.com\/fr\/wp-json\/wp\/v2\/media?parent=42915"}],"curies":[{"name":"wp","href":"https:\/\/api.w.org\/{rel}","templated":true}]}}