{"id":42911,"date":"2024-02-15T17:54:58","date_gmt":"2024-02-15T15:54:58","guid":{"rendered":"https:\/\/rusticfind.com\/politica-de-cookies\/"},"modified":"2024-03-06T22:08:29","modified_gmt":"2024-03-06T20:08:29","slug":"politique-de-cookies","status":"publish","type":"page","link":"https:\/\/rusticfind.com\/fr\/politique-de-cookies\/","title":{"rendered":"Politique de cookies"},"content":{"rendered":"\t\t<div data-elementor-type=\"wp-page\" data-elementor-id=\"42911\" class=\"elementor elementor-42911 elementor-40501\" data-elementor-post-type=\"page\">\n\t\t\t\t<div class=\"elementor-element elementor-element-dd5ea1f e-flex e-con-boxed e-con e-parent\" data-id=\"dd5ea1f\" data-element_type=\"container\" data-e-type=\"container\">\n\t\t\t\t\t<div class=\"e-con-inner\">\n\t\t<div class=\"elementor-element elementor-element-e8d9206 e-flex e-con-boxed e-con e-child\" data-id=\"e8d9206\" data-element_type=\"container\" data-e-type=\"container\">\n\t\t\t\t\t<div class=\"e-con-inner\">\n\t\t\t\t<div class=\"elementor-element elementor-element-a30e1c9 elementor-widget elementor-widget-heading\" data-id=\"a30e1c9\" data-element_type=\"widget\" data-e-type=\"widget\" data-widget_type=\"heading.default\">\n\t\t\t\t<div class=\"elementor-widget-container\">\n\t\t\t\t\t<h1 class=\"elementor-heading-title elementor-size-default\">Politique de cookies<\/h1>\t\t\t\t<\/div>\n\t\t\t\t<\/div>\n\t\t\t\t<div class=\"elementor-element elementor-element-5c125ba elementor-widget elementor-widget-text-editor\" data-id=\"5c125ba\" data-element_type=\"widget\" data-e-type=\"widget\" data-widget_type=\"text-editor.default\">\n\t\t\t\t<div class=\"elementor-widget-container\">\n\t\t\t\t\t\t\t\t\t<p><strong>Rustic Find<\/strong> informe de l\u2019utilisation de cookies sur rusticfind.com.<\/p>\n\t\t\t\t\t\t\t\t<\/div>\n\t\t\t\t<\/div>\n\t\t\t\t<div class=\"elementor-element elementor-element-3b5835c elementor-widget elementor-widget-text-editor\" data-id=\"3b5835c\" data-element_type=\"widget\" data-e-type=\"widget\" data-widget_type=\"text-editor.default\">\n\t\t\t\t<div class=\"elementor-widget-container\">\n\t\t\t\t\t\t\t\t\t<p>Un cookie est un fichier t\u00e9l\u00e9charg\u00e9 sur votre ordinateur, votre tablette ou votre t\u00e9l\u00e9phone portable lorsque vous acc\u00e9dez \u00e0 certains sites Web. Les cookies permettent \u00e0 un site Web, entre autres, de stocker et de r\u00e9cup\u00e9rer des informations sur les habitudes de navigation d\u2019un utilisateur ou sur son mat\u00e9riel et, en fonction des informations qu\u2019ils contiennent et de la mani\u00e8re dont il utilise son mat\u00e9riel, ils peuvent \u00e9galement \u00eatre utilis\u00e9s pour reconna\u00eetre l\u2019utilisateur.<\/p>\n\t\t\t\t\t\t\t\t<\/div>\n\t\t\t\t<\/div>\n\t\t\t\t<div class=\"elementor-element elementor-element-29bc32c elementor-widget elementor-widget-heading\" data-id=\"29bc32c\" data-element_type=\"widget\" data-e-type=\"widget\" data-widget_type=\"heading.default\">\n\t\t\t\t<div class=\"elementor-widget-container\">\n\t\t\t\t\t<h3 class=\"elementor-heading-title elementor-size-default\">Types de cookies<\/h3>\t\t\t\t<\/div>\n\t\t\t\t<\/div>\n\t\t\t\t<div class=\"elementor-element elementor-element-e2d89e7 elementor-widget elementor-widget-text-editor\" data-id=\"e2d89e7\" data-element_type=\"widget\" data-e-type=\"widget\" data-widget_type=\"text-editor.default\">\n\t\t\t\t<div class=\"elementor-widget-container\">\n\t\t\t\t\t\t\t\t\t<p>Selon l\u2019entit\u00e9 qui g\u00e8re le domaine \u00e0 partir duquel les cookies sont envoy\u00e9s et qui traite les donn\u00e9es obtenues, on distingue deux types de cookies : les cookies propres et les cookies tiers.<\/p>\n\t\t\t\t\t\t\t\t<\/div>\n\t\t\t\t<\/div>\n\t\t\t\t<div class=\"elementor-element elementor-element-f38cd38 elementor-widget elementor-widget-text-editor\" data-id=\"f38cd38\" data-element_type=\"widget\" data-e-type=\"widget\" data-widget_type=\"text-editor.default\">\n\t\t\t\t<div class=\"elementor-widget-container\">\n\t\t\t\t\t\t\t\t\t<p>Il existe \u00e9galement une deuxi\u00e8me classification en fonction de la dur\u00e9e pendant laquelle ils restent stock\u00e9s dans le navigateur du client : il peut s\u2019agir de cookies de session ou de cookies persistants.<\/p>\n\t\t\t\t\t\t\t\t<\/div>\n\t\t\t\t<\/div>\n\t\t\t\t<div class=\"elementor-element elementor-element-7e613d0 elementor-widget elementor-widget-text-editor\" data-id=\"7e613d0\" data-element_type=\"widget\" data-e-type=\"widget\" data-widget_type=\"text-editor.default\">\n\t\t\t\t<div class=\"elementor-widget-container\">\n\t\t\t\t\t\t\t\t\t<p>Enfin, il existe une autre classification comprenant cinq types de cookies en fonction de la finalit\u00e9 du traitement des donn\u00e9es obtenues : cookies techniques, cookies de personnalisation, cookies d\u2019analyse, cookies publicitaires et cookies de publicit\u00e9 comportementale.<\/p>\n\t\t\t\t\t\t\t\t<\/div>\n\t\t\t\t<\/div>\n\t\t\t\t<div class=\"elementor-element elementor-element-8bbccbd elementor-widget elementor-widget-heading\" data-id=\"8bbccbd\" data-element_type=\"widget\" data-e-type=\"widget\" data-widget_type=\"heading.default\">\n\t\t\t\t<div class=\"elementor-widget-container\">\n\t\t\t\t\t<h3 class=\"elementor-heading-title elementor-size-default\">Cookies utilis\u00e9s sur ce site<\/h3>\t\t\t\t<\/div>\n\t\t\t\t<\/div>\n\t\t\t\t<div class=\"elementor-element elementor-element-3a4678a elementor-widget elementor-widget-text-editor\" data-id=\"3a4678a\" data-element_type=\"widget\" data-e-type=\"widget\" data-widget_type=\"text-editor.default\">\n\t\t\t\t<div class=\"elementor-widget-container\">\n\t\t\t\t\t\t\t\t\t<p>Les cookies utilis\u00e9s sur masdarovie.com sont identifi\u00e9s ci-dessous, avec leur type et leur fonction :<\/p>\n\t\t\t\t\t\t\t\t<\/div>\n\t\t\t\t<\/div>\n\t\t\t\t<div class=\"elementor-element elementor-element-c7e5827 elementor-widget elementor-widget-text-editor\" data-id=\"c7e5827\" data-element_type=\"widget\" data-e-type=\"widget\" data-widget_type=\"text-editor.default\">\n\t\t\t\t<div class=\"elementor-widget-container\">\n\t\t\t\t\t\t\t\t\t<ul>\n<li><strong>jsCookieCheck<\/strong>. G\u00e8re le consentement de l\u2019utilisateur \u00e0 l\u2019utilisation de cookies sur le site Web, afin de se souvenir des utilisateurs qui les ont accept\u00e9s et de ceux qui ne les ont pas accept\u00e9s, de sorte que les premiers ne voient pas appara\u00eetre d\u2019informations \u00e0 leur sujet au bas de la page. Il s\u2019agit d\u2019un cookie propri\u00e9taire, persistant et technique.<\/li>\n<\/ul>\n<p><\/p>\n\t\t\t\t\t\t\t\t<\/div>\n\t\t\t\t<\/div>\n\t\t\t\t<div class=\"elementor-element elementor-element-933ec48 elementor-widget elementor-widget-text-editor\" data-id=\"933ec48\" data-element_type=\"widget\" data-e-type=\"widget\" data-widget_type=\"text-editor.default\">\n\t\t\t\t<div class=\"elementor-widget-container\">\n\t\t\t\t\t\t\t\t\t<ul>\n<li><strong>Google Analytics<\/strong>. Il s\u2019agit d\u2019un service d\u2019analyse Web d\u00e9velopp\u00e9 par Google Inc. dont le si\u00e8ge social est sis 1600 Amphitheatre Parkway, Mountain View, California 94043, \u00c9tats-Unis, qui permet de mesurer et d\u2019analyser la navigation sur rusticfind.com. Dans votre navigateur, 4 cookies (_utma, _utmb, _ubmc et _utmz) sont li\u00e9s \u00e0 ce service. Il s\u2019agit de cookies tiers, persistants et analytiques. Vous pouvez obtenir plus d\u2019informations \u00e0 ce sujet et d\u00e9sactiver l\u2019utilisation de ces cookies sur <a href=\"http:\/\/www.google.com\/intl\/ca\/policies\/technologies\/types\/\" target=\"_blank\" rel=\"noopener\">cette page<\/a>. L\u2019analyse Web permet d\u2019obtenir des informations sur le nombre d\u2019utilisateurs acc\u00e9dant au site Web, afin de fournir un meilleur service, le nombre de pages consult\u00e9es, la fr\u00e9quence et la r\u00e9p\u00e9tition des visites, leur dur\u00e9e, le navigateur utilis\u00e9, l\u2019op\u00e9rateur \u00e0 l\u2019origine du service, la langue, le terminal utilis\u00e9 ou la ville \u00e0 laquelle votre adresse IP est attribu\u00e9e.<\/li>\n<\/ul>\n<p><\/p>\n<p><\/p>\n\t\t\t\t\t\t\t\t<\/div>\n\t\t\t\t<\/div>\n\t\t\t\t<div class=\"elementor-element elementor-element-b36b7dc elementor-widget elementor-widget-text-editor\" data-id=\"b36b7dc\" data-element_type=\"widget\" data-e-type=\"widget\" data-widget_type=\"text-editor.default\">\n\t\t\t\t<div class=\"elementor-widget-container\">\n\t\t\t\t\t\t\t\t\t<ul>\n<li><strong>PHPSESSID<\/strong>. Ce cookie est utilis\u00e9 par le langage de programmation PHP pour permettre d\u2019enregistrer sur le serveur Web les variables de session. Il s\u2019agit d\u2019un cookie de session et d\u2019un cookie technique. Ce cookie \u00e9tant essentiel au fonctionnement du site Web, aucun consentement n\u2019est requis.<\/li>\n<\/ul>\n<p><\/p>\n<p><\/p>\n<p><\/p>\n\t\t\t\t\t\t\t\t<\/div>\n\t\t\t\t<\/div>\n\t\t\t\t<div class=\"elementor-element elementor-element-80b029e elementor-widget elementor-widget-heading\" data-id=\"80b029e\" data-element_type=\"widget\" data-e-type=\"widget\" data-widget_type=\"heading.default\">\n\t\t\t\t<div class=\"elementor-widget-container\">\n\t\t\t\t\t<h3 class=\"elementor-heading-title elementor-size-default\">Acceptation de la politique d\u2019utilisation des cookies<\/h3>\t\t\t\t<\/div>\n\t\t\t\t<\/div>\n\t\t\t\t<div class=\"elementor-element elementor-element-4acfe6d elementor-widget elementor-widget-text-editor\" data-id=\"4acfe6d\" data-element_type=\"widget\" data-e-type=\"widget\" data-widget_type=\"text-editor.default\">\n\t\t\t\t<div class=\"elementor-widget-container\">\n\t\t\t\t\t\t\t\t\t<p><strong>Rustic Find<\/strong> suppose que vous acceptez l\u2019utilisation de cookies. Toutefois, nous affichons les informations sur notre politique d\u2019utilisation des cookies au bas de chaque page de notre site Web, \u00e0 chaque connexion, afin que vous en soyez pleinement inform\u00e9. Compte tenu de ces informations, les actions suivantes sont possibles :<\/p>\n\t\t\t\t\t\t\t\t<\/div>\n\t\t\t\t<\/div>\n\t\t\t\t<div class=\"elementor-element elementor-element-b47d03b elementor-widget elementor-widget-text-editor\" data-id=\"b47d03b\" data-element_type=\"widget\" data-e-type=\"widget\" data-widget_type=\"text-editor.default\">\n\t\t\t\t<div class=\"elementor-widget-container\">\n\t\t\t\t\t\t\t\t\t<ul>\n<li>Accepter les cookies. Cet avertissement ne s\u2019affichera plus lors de l\u2019acc\u00e8s \u00e0 une page de masdarovie.com pendant 365 jours.<\/li>\n<\/ul>\n\t\t\t\t\t\t\t\t<\/div>\n\t\t\t\t<\/div>\n\t\t\t\t<div class=\"elementor-element elementor-element-db8a5d1 elementor-widget elementor-widget-text-editor\" data-id=\"db8a5d1\" data-element_type=\"widget\" data-e-type=\"widget\" data-widget_type=\"text-editor.default\">\n\t\t\t\t<div class=\"elementor-widget-container\">\n\t\t\t\t\t\t\t\t\t<ul>\n<li>Refuser les cookies. Vous quitterez le site imm\u00e9diatement.<\/li>\n<\/ul>\n\t\t\t\t\t\t\t\t<\/div>\n\t\t\t\t<\/div>\n\t\t\t\t<div class=\"elementor-element elementor-element-61a9138 elementor-widget elementor-widget-text-editor\" data-id=\"61a9138\" data-element_type=\"widget\" data-e-type=\"widget\" data-widget_type=\"text-editor.default\">\n\t\t\t\t<div class=\"elementor-widget-container\">\n\t\t\t\t\t\t\t\t\t<ul>\n<li>Consulter la politique d\u2019utilisation des cookies. Vous pouvez obtenir plus d\u2019informations sur les cookies, conna\u00eetre la politique d\u2019utilisation des cookies de Rustic Find et modifier la configuration de votre navigateur.<\/li>\n<\/ul>\n\t\t\t\t\t\t\t\t<\/div>\n\t\t\t\t<\/div>\n\t\t\t\t<div class=\"elementor-element elementor-element-ebd1bdf elementor-widget elementor-widget-heading\" data-id=\"ebd1bdf\" data-element_type=\"widget\" data-e-type=\"widget\" data-widget_type=\"heading.default\">\n\t\t\t\t<div class=\"elementor-widget-container\">\n\t\t\t\t\t<h3 class=\"elementor-heading-title elementor-size-default\">Comment modifier la configuration des cookies<\/h3>\t\t\t\t<\/div>\n\t\t\t\t<\/div>\n\t\t\t\t<div class=\"elementor-element elementor-element-09b8952 elementor-widget elementor-widget-text-editor\" data-id=\"09b8952\" data-element_type=\"widget\" data-e-type=\"widget\" data-widget_type=\"text-editor.default\">\n\t\t\t\t<div class=\"elementor-widget-container\">\n\t\t\t\t\t\t\t\t\t<p>Vous pouvez autoriser, bloquer ou supprimer les cookies install\u00e9s sur votre ordinateur \u00e0 partir des options de configuration de votre navigateur. La proc\u00e9dure peut varier selon le navigateur, la marche \u00e0 suivre est indiqu\u00e9e dans le menu d\u2019aide de votre navigateur. Toutefois, nous vous expliquons comment proc\u00e9der dans les principaux navigateurs du march\u00e9 : <a href=\"http:\/\/windows.microsoft.com\/es-xl\/internet-explorer\/delete-manage-cookies\" target=\"_blank\" rel=\"noopener\"><strong>Internet Explorer<\/strong><\/a>, <a href=\"https:\/\/support.mozilla.org\/es\/kb\/Borrar%20cookies\" target=\"_blank\" rel=\"noopener\"><strong>Firefox<\/strong><\/a>, <a href=\"https:\/\/support.google.com\/accounts\/answer\/61416?hl=ca-es\" target=\"_blank\" rel=\"noopener\"><strong>Google Chrome<\/strong><\/a>, <a href=\"https:\/\/www.apple.com\/legal\/privacy\/ca\/cookies\/\" target=\"_blank\" rel=\"noopener\"><strong>Safari<\/strong><\/a>.<\/p>\n\t\t\t\t\t\t\t\t<\/div>\n\t\t\t\t<\/div>\n\t\t\t\t<div class=\"elementor-element elementor-element-3250bdf elementor-widget elementor-widget-text-editor\" data-id=\"3250bdf\" data-element_type=\"widget\" data-e-type=\"widget\" data-widget_type=\"text-editor.default\">\n\t\t\t\t<div class=\"elementor-widget-container\">\n\t\t\t\t\t\t\t\t\t<p>Si vous bloquez les cookies dans votre navigateur, il est tr\u00e8s probable que vous ne puissiez pas acc\u00e9der correctement \u00e0 certaines sections de notre site Web ou qu\u2019elles ne s\u2019affichent pas correctement.<\/p>\n\t\t\t\t\t\t\t\t<\/div>\n\t\t\t\t<\/div>\n\t\t\t\t\t<\/div>\n\t\t\t\t<\/div>\n\t\t\t\t\t<\/div>\n\t\t\t\t<\/div>\n\t\t\t\t<\/div>\n\t\t","protected":false},"excerpt":{"rendered":"<p>Politique de cookies Rustic Find informe de l\u2019utilisation de cookies sur rusticfind.com. Un cookie est un fichier t\u00e9l\u00e9charg\u00e9 sur votre ordinateur, votre tablette ou votre t\u00e9l\u00e9phone portable lorsque vous acc\u00e9dez \u00e0 certains sites Web. Les cookies permettent \u00e0 un site Web, entre autres, de stocker et de r\u00e9cup\u00e9rer des informations sur les habitudes de navigation &#8230;<\/p>\n","protected":false},"author":1,"featured_media":0,"parent":0,"menu_order":0,"comment_status":"closed","ping_status":"closed","template":"elementor_header_footer","meta":{"inline_featured_image":false,"_joinchat":[],"footnotes":""},"class_list":["post-42911","page","type-page","status-publish","hentry"],"_links":{"self":[{"href":"https:\/\/rusticfind.com\/fr\/wp-json\/wp\/v2\/pages\/42911","targetHints":{"allow":["GET"]}}],"collection":[{"href":"https:\/\/rusticfind.com\/fr\/wp-json\/wp\/v2\/pages"}],"about":[{"href":"https:\/\/rusticfind.com\/fr\/wp-json\/wp\/v2\/types\/page"}],"author":[{"embeddable":true,"href":"https:\/\/rusticfind.com\/fr\/wp-json\/wp\/v2\/users\/1"}],"replies":[{"embeddable":true,"href":"https:\/\/rusticfind.com\/fr\/wp-json\/wp\/v2\/comments?post=42911"}],"version-history":[{"count":5,"href":"https:\/\/rusticfind.com\/fr\/wp-json\/wp\/v2\/pages\/42911\/revisions"}],"predecessor-version":[{"id":44015,"href":"https:\/\/rusticfind.com\/fr\/wp-json\/wp\/v2\/pages\/42911\/revisions\/44015"}],"wp:attachment":[{"href":"https:\/\/rusticfind.com\/fr\/wp-json\/wp\/v2\/media?parent=42911"}],"curies":[{"name":"wp","href":"https:\/\/api.w.org\/{rel}","templated":true}]}}