{"id":42907,"date":"2024-02-15T17:53:54","date_gmt":"2024-02-15T15:53:54","guid":{"rendered":"https:\/\/rusticfind.com\/politica-de-privacitat\/"},"modified":"2024-03-06T22:27:20","modified_gmt":"2024-03-06T20:27:20","slug":"politique-de-confidentialite","status":"publish","type":"page","link":"https:\/\/rusticfind.com\/fr\/politique-de-confidentialite\/","title":{"rendered":"Politique de confidentialit\u00e9"},"content":{"rendered":"\t\t<div data-elementor-type=\"wp-page\" data-elementor-id=\"42907\" class=\"elementor elementor-42907 elementor-40498\" data-elementor-post-type=\"page\">\n\t\t\t\t<div class=\"elementor-element elementor-element-783f4be2 e-flex e-con-boxed e-con e-parent\" data-id=\"783f4be2\" data-element_type=\"container\" data-e-type=\"container\">\n\t\t\t\t\t<div class=\"e-con-inner\">\n\t\t<div class=\"elementor-element elementor-element-bd1327c e-flex e-con-boxed e-con e-child\" data-id=\"bd1327c\" data-element_type=\"container\" data-e-type=\"container\">\n\t\t\t\t\t<div class=\"e-con-inner\">\n\t\t\t\t<div class=\"elementor-element elementor-element-c1669f4 elementor-widget elementor-widget-heading\" data-id=\"c1669f4\" data-element_type=\"widget\" data-e-type=\"widget\" data-widget_type=\"heading.default\">\n\t\t\t\t<div class=\"elementor-widget-container\">\n\t\t\t\t\t<h1 class=\"elementor-heading-title elementor-size-default\">Politique de confidentialit\u00e9<\/h1>\t\t\t\t<\/div>\n\t\t\t\t<\/div>\n\t\t\t\t<div class=\"elementor-element elementor-element-ec7914b elementor-widget elementor-widget-heading\" data-id=\"ec7914b\" data-element_type=\"widget\" data-e-type=\"widget\" data-widget_type=\"heading.default\">\n\t\t\t\t<div class=\"elementor-widget-container\">\n\t\t\t\t\t<h3 class=\"elementor-heading-title elementor-size-default\">Qui sommes nous<\/h3>\t\t\t\t<\/div>\n\t\t\t\t<\/div>\n\t\t\t\t<div class=\"elementor-element elementor-element-526caea elementor-widget elementor-widget-text-editor\" data-id=\"526caea\" data-element_type=\"widget\" data-e-type=\"widget\" data-widget_type=\"text-editor.default\">\n\t\t\t\t<div class=\"elementor-widget-container\">\n\t\t\t\t\t\t\t\t\t<p>Notre adresse Internet est : https:\/\/www.rusticfind.com<\/p>\n\t\t\t\t\t\t\t\t<\/div>\n\t\t\t\t<\/div>\n\t\t\t\t<div class=\"elementor-element elementor-element-277839b elementor-widget elementor-widget-heading\" data-id=\"277839b\" data-element_type=\"widget\" data-e-type=\"widget\" data-widget_type=\"heading.default\">\n\t\t\t\t<div class=\"elementor-widget-container\">\n\t\t\t\t\t<h3 class=\"elementor-heading-title elementor-size-default\">Commentaires<\/h3>\t\t\t\t<\/div>\n\t\t\t\t<\/div>\n\t\t\t\t<div class=\"elementor-element elementor-element-bc76f3e elementor-widget elementor-widget-text-editor\" data-id=\"bc76f3e\" data-element_type=\"widget\" data-e-type=\"widget\" data-widget_type=\"text-editor.default\">\n\t\t\t\t<div class=\"elementor-widget-container\">\n\t\t\t\t\t\t\t\t\t<p>Lorsque les visiteurs laissent des commentaires sur le site Web, nous collectons les donn\u00e9es affich\u00e9es sur le formulaire de contact, ainsi que l&rsquo;adresse IP du visiteur et la cha\u00eene de l&rsquo;agent utilisateur du navigateur pour faciliter la d\u00e9tection du spam.<\/p>\n\t\t\t\t\t\t\t\t<\/div>\n\t\t\t\t<\/div>\n\t\t\t\t<div class=\"elementor-element elementor-element-a4f5a71 elementor-widget elementor-widget-text-editor\" data-id=\"a4f5a71\" data-element_type=\"widget\" data-e-type=\"widget\" data-widget_type=\"text-editor.default\">\n\t\t\t\t<div class=\"elementor-widget-container\">\n\t\t\t\t\t\t\t\t\t<p>Une cha\u00eene anonymis\u00e9e cr\u00e9\u00e9e \u00e0 partir de l&rsquo;adresse e-mail (\u00e9galement appel\u00e9e hachage) peut \u00eatre fournie au service Gravatar pour voir si vous l&rsquo;utilisez. La politique de confidentialit\u00e9 du service Gravatar est disponible ici : https:\/\/automattic.com\/privacy\/. Une fois le commentaire approuv\u00e9, votre photo de profil est visible publiquement dans le contexte du commentaire.<\/p>\n\t\t\t\t\t\t\t\t<\/div>\n\t\t\t\t<\/div>\n\t\t\t\t<div class=\"elementor-element elementor-element-bdbfada elementor-widget elementor-widget-heading\" data-id=\"bdbfada\" data-element_type=\"widget\" data-e-type=\"widget\" data-widget_type=\"heading.default\">\n\t\t\t\t<div class=\"elementor-widget-container\">\n\t\t\t\t\t<h3 class=\"elementor-heading-title elementor-size-default\">Media<\/h3>\t\t\t\t<\/div>\n\t\t\t\t<\/div>\n\t\t\t\t<div class=\"elementor-element elementor-element-55bf74d elementor-widget elementor-widget-text-editor\" data-id=\"55bf74d\" data-element_type=\"widget\" data-e-type=\"widget\" data-widget_type=\"text-editor.default\">\n\t\t\t\t<div class=\"elementor-widget-container\">\n\t\t\t\t\t\t\t\t\t<p>Si vous t\u00e9l\u00e9chargez des images sur le site Web, vous devez \u00e9viter de t\u00e9l\u00e9charger des images contenant des donn\u00e9es de g\u00e9olocalisation int\u00e9gr\u00e9es (EXIF GPS). Les visiteurs du site Web peuvent t\u00e9l\u00e9charger et extraire n\u2019importe quelle information \u00e0 partir d\u2019images sur le Web.<\/p>\n\t\t\t\t\t\t\t\t<\/div>\n\t\t\t\t<\/div>\n\t\t\t\t<div class=\"elementor-element elementor-element-0a15324 elementor-widget elementor-widget-heading\" data-id=\"0a15324\" data-element_type=\"widget\" data-e-type=\"widget\" data-widget_type=\"heading.default\">\n\t\t\t\t<div class=\"elementor-widget-container\">\n\t\t\t\t\t<h3 class=\"elementor-heading-title elementor-size-default\">Cookies<\/h3>\t\t\t\t<\/div>\n\t\t\t\t<\/div>\n\t\t\t\t<div class=\"elementor-element elementor-element-e229d2a elementor-widget elementor-widget-text-editor\" data-id=\"e229d2a\" data-element_type=\"widget\" data-e-type=\"widget\" data-widget_type=\"text-editor.default\">\n\t\t\t\t<div class=\"elementor-widget-container\">\n\t\t\t\t\t\t\t\t\t<p>Si vous laissez un commentaire sur le site, vous pouvez choisir d&rsquo;enregistrer votre nom, votre adresse email et votre site Internet dans des cookies. Ceci est pour votre commodit\u00e9 afin que vous n&rsquo;ayez pas \u00e0 remplir \u00e0 nouveau les d\u00e9tails lorsque vous faites un autre commentaire. Ces cookies dureront un an.<\/p>\n<p><\/p>\t\t\t\t\t\t\t\t<\/div>\n\t\t\t\t<\/div>\n\t\t\t\t<div class=\"elementor-element elementor-element-371f478 elementor-widget elementor-widget-text-editor\" data-id=\"371f478\" data-element_type=\"widget\" data-e-type=\"widget\" data-widget_type=\"text-editor.default\">\n\t\t\t\t<div class=\"elementor-widget-container\">\n\t\t\t\t\t\t\t\t\t<p>Si vous avez un compte et que vous vous connectez \u00e0 cette page Web, un cookie temporaire sera d\u00e9fini pour d\u00e9terminer si votre navigateur accepte les cookies. Ce cookie ne contient pas de donn\u00e9es personnelles et sera supprim\u00e9 lorsque vous fermerez votre navigateur.<\/p>\n<p><\/p>\n<p><\/p>\t\t\t\t\t\t\t\t<\/div>\n\t\t\t\t<\/div>\n\t\t\t\t<div class=\"elementor-element elementor-element-6bfacf9 elementor-widget elementor-widget-text-editor\" data-id=\"6bfacf9\" data-element_type=\"widget\" data-e-type=\"widget\" data-widget_type=\"text-editor.default\">\n\t\t\t\t<div class=\"elementor-widget-container\">\n\t\t\t\t\t\t\t\t\t<p>Lorsque vous vous connectez, plusieurs cookies seront \u00e9galement d\u00e9finis pour enregistrer vos informations de connexion et vos options d&rsquo;affichage \u00e0 l&rsquo;\u00e9cran. Les cookies de connexion durent deux jours et les cookies d\u2019options d\u2019affichage durent un an. Si vous s\u00e9lectionnez \u00ab M\u00e9moriser \u00bb, la connexion persistera pendant deux semaines. Si vous vous d\u00e9connectez, les cookies de connexion seront supprim\u00e9s.<\/p>\n<p><\/p>\n<p><\/p>\n<p><\/p>\t\t\t\t\t\t\t\t<\/div>\n\t\t\t\t<\/div>\n\t\t\t\t<div class=\"elementor-element elementor-element-bda434e elementor-widget elementor-widget-text-editor\" data-id=\"bda434e\" data-element_type=\"widget\" data-e-type=\"widget\" data-widget_type=\"text-editor.default\">\n\t\t\t\t<div class=\"elementor-widget-container\">\n\t\t\t\t\t\t\t\t\t<p>Si vous modifiez ou publiez un article, un cookie suppl\u00e9mentaire sera enregistr\u00e9 dans votre navigateur. Ce cookie n&rsquo;inclut pas de donn\u00e9es personnelles et indique simplement l&rsquo;identifiant de l&rsquo;entr\u00e9e que vous venez de modifier. Expire apr\u00e8s 1 jour.<\/p>\n<p><\/p>\n<p><\/p>\n<p><\/p>\t\t\t\t\t\t\t\t<\/div>\n\t\t\t\t<\/div>\n\t\t\t\t<div class=\"elementor-element elementor-element-fc28e5a elementor-widget elementor-widget-heading\" data-id=\"fc28e5a\" data-element_type=\"widget\" data-e-type=\"widget\" data-widget_type=\"heading.default\">\n\t\t\t\t<div class=\"elementor-widget-container\">\n\t\t\t\t\t<h3 class=\"elementor-heading-title elementor-size-default\">Contenu int\u00e9gr\u00e9 provenant d'autres sites Web<\/h3>\t\t\t\t<\/div>\n\t\t\t\t<\/div>\n\t\t\t\t<div class=\"elementor-element elementor-element-2c5284e elementor-widget elementor-widget-text-editor\" data-id=\"2c5284e\" data-element_type=\"widget\" data-e-type=\"widget\" data-widget_type=\"text-editor.default\">\n\t\t\t\t<div class=\"elementor-widget-container\">\n\t\t\t\t\t\t\t\t\t<p>Les articles de cette page Web incluent du contenu int\u00e9gr\u00e9 (par exemple des vid\u00e9os, des images, des articles, etc.). Le contenu int\u00e9gr\u00e9 \u00e0 partir d&rsquo;autres pages Web se comporte exactement comme si le visiteur visitait l&rsquo;autre page Web.<\/p>\n<p><\/p>\n<p><\/p>\n<p><\/p>\n<p><\/p>\t\t\t\t\t\t\t\t<\/div>\n\t\t\t\t<\/div>\n\t\t\t\t<div class=\"elementor-element elementor-element-25b1162 elementor-widget elementor-widget-text-editor\" data-id=\"25b1162\" data-element_type=\"widget\" data-e-type=\"widget\" data-widget_type=\"text-editor.default\">\n\t\t\t\t<div class=\"elementor-widget-container\">\n\t\t\t\t\t\t\t\t\t<p>Ces pages Web peuvent collecter des donn\u00e9es sur vous, utiliser des cookies, int\u00e9grer un suivi tiers suppl\u00e9mentaire et surveiller votre interaction avec le contenu int\u00e9gr\u00e9, y compris le suivi de votre interaction avec le contenu int\u00e9gr\u00e9 si vous disposez d&rsquo;un compte et \u00eates connect\u00e9 \u00e0 cette page Web.<\/p>\n<p><\/p>\n<p><\/p>\n<p><\/p>\n<p><\/p>\t\t\t\t\t\t\t\t<\/div>\n\t\t\t\t<\/div>\n\t\t\t\t<div class=\"elementor-element elementor-element-16e20ca elementor-widget elementor-widget-heading\" data-id=\"16e20ca\" data-element_type=\"widget\" data-e-type=\"widget\" data-widget_type=\"heading.default\">\n\t\t\t\t<div class=\"elementor-widget-container\">\n\t\t\t\t\t<h3 class=\"elementor-heading-title elementor-size-default\">Avec qui partageons-nous vos donn\u00e9es<\/h3>\t\t\t\t<\/div>\n\t\t\t\t<\/div>\n\t\t\t\t<div class=\"elementor-element elementor-element-fcaeff6 elementor-widget elementor-widget-text-editor\" data-id=\"fcaeff6\" data-element_type=\"widget\" data-e-type=\"widget\" data-widget_type=\"text-editor.default\">\n\t\t\t\t<div class=\"elementor-widget-container\">\n\t\t\t\t\t\t\t\t\t<p>Si vous demandez une r\u00e9initialisation du mot de passe, l&rsquo;adresse IP sera incluse dans l&rsquo;e-mail de r\u00e9initialisation.<\/p>\n<p><\/p>\n<p><\/p>\n<p><\/p>\n<p><\/p>\t\t\t\t\t\t\t\t<\/div>\n\t\t\t\t<\/div>\n\t\t\t\t<div class=\"elementor-element elementor-element-1175f03 elementor-widget elementor-widget-heading\" data-id=\"1175f03\" data-element_type=\"widget\" data-e-type=\"widget\" data-widget_type=\"heading.default\">\n\t\t\t\t<div class=\"elementor-widget-container\">\n\t\t\t\t\t<h3 class=\"elementor-heading-title elementor-size-default\">Combien de temps conservons-nous les donn\u00e9es<\/h3>\t\t\t\t<\/div>\n\t\t\t\t<\/div>\n\t\t\t\t<div class=\"elementor-element elementor-element-c3c182e elementor-widget elementor-widget-text-editor\" data-id=\"c3c182e\" data-element_type=\"widget\" data-e-type=\"widget\" data-widget_type=\"text-editor.default\">\n\t\t\t\t<div class=\"elementor-widget-container\">\n\t\t\t\t\t\t\t\t\t<p>Si vous laissez un commentaire, le commentaire et ses m\u00e9tadonn\u00e9es sont conserv\u00e9s ind\u00e9finiment. Cela nous permet de reconna\u00eetre et d&rsquo;approuver automatiquement tous les commentaires suivants au lieu de les conserver dans la file de mod\u00e9ration.<\/p>\n<p><\/p>\n<p><\/p>\n<p><\/p>\n<p><\/p>\n<p><\/p>\t\t\t\t\t\t\t\t<\/div>\n\t\t\t\t<\/div>\n\t\t\t\t<div class=\"elementor-element elementor-element-385b539 elementor-widget elementor-widget-text-editor\" data-id=\"385b539\" data-element_type=\"widget\" data-e-type=\"widget\" data-widget_type=\"text-editor.default\">\n\t\t\t\t<div class=\"elementor-widget-container\">\n\t\t\t\t\t\t\t\t\t<p>Pour les utilisateurs qui s&rsquo;inscrivent sur le site Web (le cas \u00e9ch\u00e9ant), nous stockons \u00e9galement les informations personnelles qu&rsquo;ils fournissent dans leur profil d&rsquo;utilisateur. Tous les utilisateurs peuvent consulter, modifier ou supprimer leurs informations personnelles \u00e0 tout moment (sauf qu&rsquo;ils ne peuvent pas modifier leur nom d&rsquo;utilisateur). Les administrateurs du site Web peuvent \u00e9galement modifier ces informations.<\/p>\n<p><\/p>\n<p><\/p>\n<p><\/p>\n<p><\/p>\n<p><\/p>\t\t\t\t\t\t\t\t<\/div>\n\t\t\t\t<\/div>\n\t\t\t\t<div class=\"elementor-element elementor-element-fd85cd2 elementor-widget elementor-widget-heading\" data-id=\"fd85cd2\" data-element_type=\"widget\" data-e-type=\"widget\" data-widget_type=\"heading.default\">\n\t\t\t\t<div class=\"elementor-widget-container\">\n\t\t\t\t\t<h3 class=\"elementor-heading-title elementor-size-default\">Quels droits avez-vous sur vos donn\u00e9es ?<\/h3>\t\t\t\t<\/div>\n\t\t\t\t<\/div>\n\t\t\t\t<div class=\"elementor-element elementor-element-2cacc71 elementor-widget elementor-widget-text-editor\" data-id=\"2cacc71\" data-element_type=\"widget\" data-e-type=\"widget\" data-widget_type=\"text-editor.default\">\n\t\t\t\t<div class=\"elementor-widget-container\">\n\t\t\t\t\t\t\t\t\t<p>Si vous disposez d&rsquo;un compte sur ce site ou y avez laiss\u00e9 des commentaires, vous pouvez demander que nous vous envoyions un fichier d&rsquo;export de vos donn\u00e9es personnelles, reprenant toutes les donn\u00e9es que vous nous avez fournies. Vous pouvez \u00e9galement nous demander de supprimer toutes les donn\u00e9es personnelles que nous d\u00e9tenons \u00e0 votre sujet. Cela n&rsquo;inclut pas les donn\u00e9es que nous sommes tenus de conserver \u00e0 des fins administratives, juridiques ou de s\u00e9curit\u00e9.<\/p>\n<p><\/p>\n<p><\/p>\n<p><\/p>\n<p><\/p>\n<p><\/p>\t\t\t\t\t\t\t\t<\/div>\n\t\t\t\t<\/div>\n\t\t\t\t<div class=\"elementor-element elementor-element-51db794 elementor-widget elementor-widget-heading\" data-id=\"51db794\" data-element_type=\"widget\" data-e-type=\"widget\" data-widget_type=\"heading.default\">\n\t\t\t\t<div class=\"elementor-widget-container\">\n\t\t\t\t\t<h3 class=\"elementor-heading-title elementor-size-default\">O\u00f9 vos donn\u00e9es sont envoy\u00e9es<\/h3>\t\t\t\t<\/div>\n\t\t\t\t<\/div>\n\t\t\t\t<div class=\"elementor-element elementor-element-14e4dd4 elementor-widget elementor-widget-text-editor\" data-id=\"14e4dd4\" data-element_type=\"widget\" data-e-type=\"widget\" data-widget_type=\"text-editor.default\">\n\t\t\t\t<div class=\"elementor-widget-container\">\n\t\t\t\t\t\t\t\t\t<p>Les commentaires des visiteurs doivent \u00eatre v\u00e9rifi\u00e9s par un service automatis\u00e9 de d\u00e9tection de spam.<\/p>\n<p><\/p>\n<p><\/p>\n<p><\/p>\n<p><\/p>\n<p><\/p>\t\t\t\t\t\t\t\t<\/div>\n\t\t\t\t<\/div>\n\t\t\t\t\t<\/div>\n\t\t\t\t<\/div>\n\t\t\t\t\t<\/div>\n\t\t\t\t<\/div>\n\t\t\t\t<\/div>\n\t\t","protected":false},"excerpt":{"rendered":"<p>Politique de confidentialit\u00e9 Qui sommes nous Notre adresse Internet est : https:\/\/www.rusticfind.com Commentaires Lorsque les visiteurs laissent des commentaires sur le site Web, nous collectons les donn\u00e9es affich\u00e9es sur le formulaire de contact, ainsi que l&rsquo;adresse IP du visiteur et la cha\u00eene de l&rsquo;agent utilisateur du navigateur pour faciliter la d\u00e9tection du spam. Une cha\u00eene &#8230;<\/p>\n","protected":false},"author":1,"featured_media":0,"parent":0,"menu_order":0,"comment_status":"closed","ping_status":"closed","template":"elementor_header_footer","meta":{"inline_featured_image":false,"_joinchat":[],"footnotes":""},"class_list":["post-42907","page","type-page","status-publish","hentry"],"_links":{"self":[{"href":"https:\/\/rusticfind.com\/fr\/wp-json\/wp\/v2\/pages\/42907","targetHints":{"allow":["GET"]}}],"collection":[{"href":"https:\/\/rusticfind.com\/fr\/wp-json\/wp\/v2\/pages"}],"about":[{"href":"https:\/\/rusticfind.com\/fr\/wp-json\/wp\/v2\/types\/page"}],"author":[{"embeddable":true,"href":"https:\/\/rusticfind.com\/fr\/wp-json\/wp\/v2\/users\/1"}],"replies":[{"embeddable":true,"href":"https:\/\/rusticfind.com\/fr\/wp-json\/wp\/v2\/comments?post=42907"}],"version-history":[{"count":5,"href":"https:\/\/rusticfind.com\/fr\/wp-json\/wp\/v2\/pages\/42907\/revisions"}],"predecessor-version":[{"id":44021,"href":"https:\/\/rusticfind.com\/fr\/wp-json\/wp\/v2\/pages\/42907\/revisions\/44021"}],"wp:attachment":[{"href":"https:\/\/rusticfind.com\/fr\/wp-json\/wp\/v2\/media?parent=42907"}],"curies":[{"name":"wp","href":"https:\/\/api.w.org\/{rel}","templated":true}]}}