{"id":46687,"date":"2025-12-24T09:36:16","date_gmt":"2025-12-24T07:36:16","guid":{"rendered":"https:\/\/rusticfind.com\/mi-historia-con-mas-darovie\/"},"modified":"2025-12-24T10:25:54","modified_gmt":"2025-12-24T08:25:54","slug":"mi-historia-con-mas-darovie","status":"publish","type":"page","link":"https:\/\/rusticfind.com\/es\/mi-historia-con-mas-darovie\/","title":{"rendered":"Mi historia con Mas Darovie"},"content":{"rendered":"\t\t<div data-elementor-type=\"wp-page\" data-elementor-id=\"46687\" class=\"elementor elementor-46687 elementor-46655\" data-elementor-post-type=\"page\">\n\t\t\t\t\t\t<section class=\"elementor-section elementor-top-section elementor-element elementor-element-b3115dc elementor-section-stretched elementor-section-height-min-height elementor-section-boxed elementor-section-height-default elementor-section-items-middle\" data-id=\"b3115dc\" data-element_type=\"section\" data-e-type=\"section\" data-settings=\"{&quot;stretch_section&quot;:&quot;section-stretched&quot;,&quot;background_background&quot;:&quot;classic&quot;,&quot;shape_divider_bottom&quot;:&quot;wave-brush&quot;}\">\n\t\t\t\t\t\t\t<div class=\"elementor-background-overlay\"><\/div>\n\t\t\t\t\t\t<div class=\"elementor-shape elementor-shape-bottom\" aria-hidden=\"true\" data-negative=\"false\">\n\t\t\t<svg xmlns=\"http:\/\/www.w3.org\/2000\/svg\" viewBox=\"0 0 283.5 27.8\" preserveAspectRatio=\"none\">\n\t<path class=\"elementor-shape-fill\" d=\"M283.5,9.7c0,0-7.3,4.3-14,4.6c-6.8,0.3-12.6,0-20.9-1.5c-11.3-2-33.1-10.1-44.7-5.7\ts-12.1,4.6-18,7.4c-6.6,3.2-20,9.6-36.6,9.3C131.6,23.5,99.5,7.2,86.3,8c-1.4,0.1-6.6,0.8-10.5,2c-3.8,1.2-9.4,3.8-17,4.7\tc-3.2,0.4-8.3,1.1-14.2,0.9c-1.5-0.1-6.3-0.4-12-1.6c-5.7-1.2-11-3.1-15.8-3.7C6.5,9.2,0,10.8,0,10.8V0h283.5V9.7z M260.8,11.3\tc-0.7-1-2-0.4-4.3-0.4c-2.3,0-6.1-1.2-5.8-1.1c0.3,0.1,3.1,1.5,6,1.9C259.7,12.2,261.4,12.3,260.8,11.3z M242.4,8.6\tc0,0-2.4-0.2-5.6-0.9c-3.2-0.8-10.3-2.8-15.1-3.5c-8.2-1.1-15.8,0-15.1,0.1c0.8,0.1,9.6-0.6,17.6,1.1c3.3,0.7,9.3,2.2,12.4,2.7\tC239.9,8.7,242.4,8.6,242.4,8.6z M185.2,8.5c1.7-0.7-13.3,4.7-18.5,6.1c-2.1,0.6-6.2,1.6-10,2c-3.9,0.4-8.9,0.4-8.8,0.5\tc0,0.2,5.8,0.8,11.2,0c5.4-0.8,5.2-1.1,7.6-1.6C170.5,14.7,183.5,9.2,185.2,8.5z M199.1,6.9c0.2,0-0.8-0.4-4.8,1.1\tc-4,1.5-6.7,3.5-6.9,3.7c-0.2,0.1,3.5-1.8,6.6-3C197,7.5,199,6.9,199.1,6.9z M283,6c-0.1,0.1-1.9,1.1-4.8,2.5s-6.9,2.8-6.7,2.7\tc0.2,0,3.5-0.6,7.4-2.5C282.8,6.8,283.1,5.9,283,6z M31.3,11.6c0.1-0.2-1.9-0.2-4.5-1.2s-5.4-1.6-7.8-2C15,7.6,7.3,8.5,7.7,8.6\tC8,8.7,15.9,8.3,20.2,9.3c2.2,0.5,2.4,0.5,5.7,1.6S31.2,11.9,31.3,11.6z M73,9.2c0.4-0.1,3.5-1.6,8.4-2.6c4.9-1.1,8.9-0.5,8.9-0.8\tc0-0.3-1-0.9-6.2-0.3S72.6,9.3,73,9.2z M71.6,6.7C71.8,6.8,75,5.4,77.3,5c2.3-0.3,1.9-0.5,1.9-0.6c0-0.1-1.1-0.2-2.7,0.2\tC74.8,5.1,71.4,6.6,71.6,6.7z M93.6,4.4c0.1,0.2,3.5,0.8,5.6,1.8c2.1,1,1.8,0.6,1.9,0.5c0.1-0.1-0.8-0.8-2.4-1.3\tC97.1,4.8,93.5,4.2,93.6,4.4z M65.4,11.1c-0.1,0.3,0.3,0.5,1.9-0.2s2.6-1.3,2.2-1.2s-0.9,0.4-2.5,0.8C65.3,10.9,65.5,10.8,65.4,11.1\tz M34.5,12.4c-0.2,0,2.1,0.8,3.3,0.9c1.2,0.1,2,0.1,2-0.2c0-0.3-0.1-0.5-1.6-0.4C36.6,12.8,34.7,12.4,34.5,12.4z M152.2,21.1\tc-0.1,0.1-2.4-0.3-7.5-0.3c-5,0-13.6-2.4-17.2-3.5c-3.6-1.1,10,3.9,16.5,4.1C150.5,21.6,152.3,21,152.2,21.1z\"\/>\n\t<path class=\"elementor-shape-fill\" d=\"M269.6,18c-0.1-0.1-4.6,0.3-7.2,0c-7.3-0.7-17-3.2-16.6-2.9c0.4,0.3,13.7,3.1,17,3.3\tC267.7,18.8,269.7,18,269.6,18z\"\/>\n\t<path class=\"elementor-shape-fill\" d=\"M227.4,9.8c-0.2-0.1-4.5-1-9.5-1.2c-5-0.2-12.7,0.6-12.3,0.5c0.3-0.1,5.9-1.8,13.3-1.2\tS227.6,9.9,227.4,9.8z\"\/>\n\t<path class=\"elementor-shape-fill\" d=\"M204.5,13.4c-0.1-0.1,2-1,3.2-1.1c1.2-0.1,2,0,2,0.3c0,0.3-0.1,0.5-1.6,0.4\tC206.4,12.9,204.6,13.5,204.5,13.4z\"\/>\n\t<path class=\"elementor-shape-fill\" d=\"M201,10.6c0-0.1-4.4,1.2-6.3,2.2c-1.9,0.9-6.2,3.1-6.1,3.1c0.1,0.1,4.2-1.6,6.3-2.6\tS201,10.7,201,10.6z\"\/>\n\t<path class=\"elementor-shape-fill\" d=\"M154.5,26.7c-0.1-0.1-4.6,0.3-7.2,0c-7.3-0.7-17-3.2-16.6-2.9c0.4,0.3,13.7,3.1,17,3.3\tC152.6,27.5,154.6,26.8,154.5,26.7z\"\/>\n\t<path class=\"elementor-shape-fill\" d=\"M41.9,19.3c0,0,1.2-0.3,2.9-0.1c1.7,0.2,5.8,0.9,8.2,0.7c4.2-0.4,7.4-2.7,7-2.6\tc-0.4,0-4.3,2.2-8.6,1.9c-1.8-0.1-5.1-0.5-6.7-0.4S41.9,19.3,41.9,19.3z\"\/>\n\t<path class=\"elementor-shape-fill\" d=\"M75.5,12.6c0.2,0.1,2-0.8,4.3-1.1c2.3-0.2,2.1-0.3,2.1-0.5c0-0.1-1.8-0.4-3.4,0\tC76.9,11.5,75.3,12.5,75.5,12.6z\"\/>\n\t<path class=\"elementor-shape-fill\" d=\"M15.6,13.2c0-0.1,4.3,0,6.7,0.5c2.4,0.5,5,1.9,5,2c0,0.1-2.7-0.8-5.1-1.4\tC19.9,13.7,15.7,13.3,15.6,13.2z\"\/>\n<\/svg>\t\t<\/div>\n\t\t\t\t\t<div class=\"elementor-container elementor-column-gap-no\">\n\t\t\t\t\t<div class=\"elementor-column elementor-col-100 elementor-top-column elementor-element elementor-element-9d93ffc\" data-id=\"9d93ffc\" data-element_type=\"column\" data-e-type=\"column\">\n\t\t\t<div class=\"elementor-widget-wrap elementor-element-populated\">\n\t\t\t\t\t\t<section class=\"elementor-section elementor-inner-section elementor-element elementor-element-94b4077 elementor-section-boxed elementor-section-height-default elementor-section-height-default\" data-id=\"94b4077\" data-element_type=\"section\" data-e-type=\"section\">\n\t\t\t\t\t\t<div class=\"elementor-container elementor-column-gap-default\">\n\t\t\t\t\t<div class=\"elementor-column elementor-col-100 elementor-inner-column elementor-element elementor-element-6b6580c\" data-id=\"6b6580c\" data-element_type=\"column\" data-e-type=\"column\" data-settings=\"{&quot;background_background&quot;:&quot;classic&quot;}\">\n\t\t\t<div class=\"elementor-widget-wrap elementor-element-populated\">\n\t\t\t\t\t\t<div class=\"elementor-element elementor-element-e59d163 elementor-invisible elementor-widget elementor-widget-heading\" data-id=\"e59d163\" data-element_type=\"widget\" data-e-type=\"widget\" data-settings=\"{&quot;_animation&quot;:&quot;fadeIn&quot;}\" data-widget_type=\"heading.default\">\n\t\t\t\t<div class=\"elementor-widget-container\">\n\t\t\t\t\t<h2 class=\"elementor-heading-title elementor-size-default\">Mi historia con Mas Darovie<\/h2>\t\t\t\t<\/div>\n\t\t\t\t<\/div>\n\t\t\t\t<div class=\"elementor-element elementor-element-cbce8c8 elementor-invisible elementor-widget elementor-widget-heading\" data-id=\"cbce8c8\" data-element_type=\"widget\" data-e-type=\"widget\" data-settings=\"{&quot;_animation&quot;:&quot;fadeIn&quot;}\" data-widget_type=\"heading.default\">\n\t\t\t\t<div class=\"elementor-widget-container\">\n\t\t\t\t\t<p class=\"elementor-heading-title elementor-size-default\">Turismo rural en el Empord\u00e0 y la Costa Brava: de limpiadora a emprendedora<\/p>\t\t\t\t<\/div>\n\t\t\t\t<\/div>\n\t\t\t\t\t<\/div>\n\t\t<\/div>\n\t\t\t\t\t<\/div>\n\t\t<\/section>\n\t\t<div class=\"elementor-element elementor-element-83b9d11 e-flex e-con-boxed e-con e-parent\" data-id=\"83b9d11\" data-element_type=\"container\" data-e-type=\"container\">\n\t\t\t\t\t<div class=\"e-con-inner\">\n\t\t\t\t\t<\/div>\n\t\t\t\t<\/div>\n\t\t\t\t\t<\/div>\n\t\t<\/div>\n\t\t\t\t\t<\/div>\n\t\t<\/section>\n\t\t\t\t<section class=\"elementor-section elementor-top-section elementor-element elementor-element-607a6c4 elementor-section-height-min-height elementor-section-stretched elementor-section-items-top elementor-section-boxed elementor-section-height-default\" data-id=\"607a6c4\" data-element_type=\"section\" data-e-type=\"section\" data-settings=\"{&quot;stretch_section&quot;:&quot;section-stretched&quot;,&quot;background_background&quot;:&quot;classic&quot;}\">\n\t\t\t\t\t\t\t<div class=\"elementor-background-overlay\"><\/div>\n\t\t\t\t\t\t\t<div class=\"elementor-container elementor-column-gap-no\">\n\t\t\t\t\t<div class=\"elementor-column elementor-col-100 elementor-top-column elementor-element elementor-element-71cc030\" data-id=\"71cc030\" data-element_type=\"column\" data-e-type=\"column\" data-settings=\"{&quot;background_background&quot;:&quot;gradient&quot;}\">\n\t\t\t<div class=\"elementor-widget-wrap elementor-element-populated\">\n\t\t\t\t\t<div class=\"elementor-background-overlay\"><\/div>\n\t\t\t\t\t\t<section class=\"elementor-section elementor-inner-section elementor-element elementor-element-c68adca elementor-section-height-min-height animated-slow elementor-hidden-mobile elementor-section-boxed elementor-section-height-default elementor-invisible\" data-id=\"c68adca\" data-element_type=\"section\" data-e-type=\"section\" data-settings=\"{&quot;background_background&quot;:&quot;classic&quot;,&quot;animation&quot;:&quot;fadeIn&quot;,&quot;animation_tablet&quot;:&quot;fadeInRight&quot;}\">\n\t\t\t\t\t\t<div class=\"elementor-container elementor-column-gap-no\">\n\t\t\t\t\t<div class=\"elementor-column elementor-col-100 elementor-inner-column elementor-element elementor-element-2865ef2\" data-id=\"2865ef2\" data-element_type=\"column\" data-e-type=\"column\">\n\t\t\t<div class=\"elementor-widget-wrap elementor-element-populated\">\n\t\t\t\t\t\t<div class=\"elementor-element elementor-element-e279a6e elementor-widget elementor-widget-spacer\" data-id=\"e279a6e\" data-element_type=\"widget\" data-e-type=\"widget\" data-widget_type=\"spacer.default\">\n\t\t\t\t<div class=\"elementor-widget-container\">\n\t\t\t\t\t\t\t<div class=\"elementor-spacer\">\n\t\t\t<div class=\"elementor-spacer-inner\"><\/div>\n\t\t<\/div>\n\t\t\t\t\t\t<\/div>\n\t\t\t\t<\/div>\n\t\t\t\t\t<\/div>\n\t\t<\/div>\n\t\t\t\t\t<\/div>\n\t\t<\/section>\n\t\t\t\t\t<\/div>\n\t\t<\/div>\n\t\t\t\t\t<\/div>\n\t\t<\/section>\n\t\t\t\t<section class=\"elementor-section elementor-top-section elementor-element elementor-element-92cf7f6 elementor-section-height-min-height elementor-section-stretched elementor-section-items-top elementor-section-boxed elementor-section-height-default\" data-id=\"92cf7f6\" data-element_type=\"section\" data-e-type=\"section\" data-settings=\"{&quot;stretch_section&quot;:&quot;section-stretched&quot;,&quot;background_background&quot;:&quot;classic&quot;}\">\n\t\t\t\t\t\t\t<div class=\"elementor-background-overlay\"><\/div>\n\t\t\t\t\t\t\t<div class=\"elementor-container elementor-column-gap-no\">\n\t\t\t\t\t<div class=\"elementor-column elementor-col-100 elementor-top-column elementor-element elementor-element-5efe844\" data-id=\"5efe844\" data-element_type=\"column\" data-e-type=\"column\">\n\t\t\t<div class=\"elementor-widget-wrap elementor-element-populated\">\n\t\t\t\t\t\t<div class=\"elementor-element elementor-element-fcdb993 elementor-widget elementor-widget-text-editor\" data-id=\"fcdb993\" data-element_type=\"widget\" data-e-type=\"widget\" data-widget_type=\"text-editor.default\">\n\t\t\t\t<div class=\"elementor-widget-container\">\n\t\t\t\t\t\t\t\t\t<p>En 2008 empec\u00e9 a trabajar en <strong>Mas Darovie<\/strong>, la propiedad de Kylli y Blanca, como parte de mi trabajo limpiando casas. Cada lunes, de 8 a 13h, dedicaba horas a cuidar de esa casa impresionante de <strong>524 m\u00b2<\/strong>, organizando distintas zonas cada d\u00eda. Mas Darovie <strong>est\u00e1 situada<\/strong> en la plana de l\u2019Empordanet, en Foix\u00e0, con vistas espectaculares y una reforma impecable que hac\u00eda que cada lunes pareciera estar dentro de una pel\u00edcula.<\/p><p>\u00a0<\/p><p>Con el paso de los a\u00f1os, me fui enamorando de la propiedad. Observ\u00e9 c\u00f3mo crec\u00edan sus nietos, c\u00f3mo los propietarios envejec\u00edan, y c\u00f3mo cada rinc\u00f3n de la casa contaba su propia historia. La relaci\u00f3n con ellos se fue estrechando y yo sent\u00eda que la casa empezaba a formar parte de mi vida.<\/p><p>\u00a0<\/p><p>Lo que hace especial esta historia es que <strong>todo empez\u00f3 desde lo m\u00e1s humilde<\/strong>: trabajando como limpiadora de hogares ajenos, con constancia y sacrificio, cada d\u00eda aprendiendo, organizando y conociendo la propiedad al detalle. Poco a poco, esa experiencia se transform\u00f3 en algo mucho m\u00e1s grande.<\/p><p>\u00a0<\/p><p>En 2021 lleg\u00f3 un d\u00eda inesperado: me comunicaron que ya no podr\u00eda trabajar all\u00ed. Al principio no entend\u00eda qu\u00e9 hab\u00eda pasado, pero en cuesti\u00f3n de minutos todo qued\u00f3 claro: Kylli y Blanca se mudaban a Canarias para disfrutar de un clima m\u00e1s c\u00e1lido en su jubilaci\u00f3n. La sorpresa mayor estaba por llegar: me ofrecieron <strong>la oportunidad de ocuparme de Mas Darovie mientras ellos no estaban<\/strong>, porque conoc\u00eda la casa al dedillo y adem\u00e1s ten\u00eda experiencia gestionando mis otras casas rurales en Madremanya.<\/p><p>\u00a0<\/p><p>Me qued\u00e9 at\u00f3nita: una casa enorme para grupos, aislada, rodeada de naturaleza, con vistas de ensue\u00f1o y con la esencia de mis otras propiedades. Era la oportunidad de<strong> transformar mi vida con esfuerzo, dedicaci\u00f3n y pasi\u00f3n<\/strong>, y llevar mi proyecto de turismo rural a un nuevo nivel.<\/p><p>\u00a0<\/p><p>Hoy, <strong>Mas Darovie <\/strong>forma parte de mi historia junto a mis otras dos casas rurales. Cada una tiene su propia identidad, pero todas comparten el mismo esp\u00edritu: aislamiento, conexi\u00f3n con la naturaleza, comodidad y experiencias \u00fanicas para quienes buscan <strong>escapadas rurales en Girona, el Empord\u00e0 y la Costa Brava<\/strong>.<\/p><p><br \/><br \/>Gestionar estas tres propiedades me permite <strong>continuar mi legado<\/strong>, transformar cada espacio con cari\u00f1o y ofrecer a mis hu\u00e9spedes la oportunidad de vivir experiencias aut\u00e9nticas en la naturaleza, con paz, tranquilidad y confort.<\/p><p>\u00a0<\/p><p><strong>Mas Darovie<\/strong> es mucho m\u00e1s que una casa: es un s\u00edmbolo de c\u00f3mo <strong>una vida humilde, con constancia, esfuerzo y amor por lo que haces, puede transformarse en grandes logros<\/strong>. Cada estancia aqu\u00ed es una invitaci\u00f3n a sentir la magia del Empord\u00e0 y formar parte de la historia que hemos construido con pasi\u00f3n.<\/p>\t\t\t\t\t\t\t\t<\/div>\n\t\t\t\t<\/div>\n\t\t\t\t\t<\/div>\n\t\t<\/div>\n\t\t\t\t\t<\/div>\n\t\t<\/section>\n\t\t\t\t<\/div>\n\t\t","protected":false},"excerpt":{"rendered":"<p>Mi historia con Mas Darovie Turismo rural en el Empord\u00e0 y la Costa Brava: de limpiadora a emprendedora En 2008 empec\u00e9 a trabajar en Mas Darovie, la propiedad de Kylli y Blanca, como parte de mi trabajo limpiando casas. Cada lunes, de 8 a 13h, dedicaba horas a cuidar de esa casa impresionante de 524 &#8230;<\/p>\n","protected":false},"author":1,"featured_media":0,"parent":0,"menu_order":0,"comment_status":"closed","ping_status":"closed","template":"elementor_header_footer","meta":{"inline_featured_image":false,"_joinchat":[],"footnotes":""},"class_list":["post-46687","page","type-page","status-publish","hentry"],"_links":{"self":[{"href":"https:\/\/rusticfind.com\/es\/wp-json\/wp\/v2\/pages\/46687","targetHints":{"allow":["GET"]}}],"collection":[{"href":"https:\/\/rusticfind.com\/es\/wp-json\/wp\/v2\/pages"}],"about":[{"href":"https:\/\/rusticfind.com\/es\/wp-json\/wp\/v2\/types\/page"}],"author":[{"embeddable":true,"href":"https:\/\/rusticfind.com\/es\/wp-json\/wp\/v2\/users\/1"}],"replies":[{"embeddable":true,"href":"https:\/\/rusticfind.com\/es\/wp-json\/wp\/v2\/comments?post=46687"}],"version-history":[{"count":4,"href":"https:\/\/rusticfind.com\/es\/wp-json\/wp\/v2\/pages\/46687\/revisions"}],"predecessor-version":[{"id":46707,"href":"https:\/\/rusticfind.com\/es\/wp-json\/wp\/v2\/pages\/46687\/revisions\/46707"}],"wp:attachment":[{"href":"https:\/\/rusticfind.com\/es\/wp-json\/wp\/v2\/media?parent=46687"}],"curies":[{"name":"wp","href":"https:\/\/api.w.org\/{rel}","templated":true}]}}