{"id":46469,"date":"2026-01-16T11:54:05","date_gmt":"2026-01-16T09:54:05","guid":{"rendered":"https:\/\/rusticfind.com\/la-historia-de-el-roure\/"},"modified":"2026-01-17T23:45:56","modified_gmt":"2026-01-17T21:45:56","slug":"la-historia-de-el-roure-2","status":"publish","type":"page","link":"https:\/\/rusticfind.com\/es\/la-historia-de-el-roure-2\/","title":{"rendered":"La historia de El Roure"},"content":{"rendered":"\t\t<div data-elementor-type=\"wp-page\" data-elementor-id=\"46469\" class=\"elementor elementor-46469\" data-elementor-post-type=\"page\">\n\t\t\t\t<div class=\"elementor-element elementor-element-fcc51c4 e-flex e-con-boxed e-con e-parent\" data-id=\"fcc51c4\" data-element_type=\"container\" data-e-type=\"container\">\n\t\t\t\t\t<div class=\"e-con-inner\">\n\t\t\t\t<div class=\"elementor-element elementor-element-e0548f3 elementor-widget elementor-widget-text-editor\" data-id=\"e0548f3\" data-element_type=\"widget\" data-e-type=\"widget\" data-widget_type=\"text-editor.default\">\n\t\t\t\t<div class=\"elementor-widget-container\">\n\t\t\t\t\t\t\t\t\t<p><strong>Un homenaje a mis ra\u00edces y un refugio aut\u00e9ntico en el coraz\u00f3n del Pirineo<\/strong><\/p>\n<p><\/p>\n<p>Soy Rosa, y la historia de El Roure, hoy una casa rural en Moll\u00f3 pensada para el descanso y el bienestar, empieza mucho antes de que yo naciera. En 1984, mi padre tom\u00f3 una de las decisiones m\u00e1s valientes de su vida: vendi\u00f3 todo el ganado de nuestra familia para comprar una antigua casa de piedra en este peque\u00f1o y aislado pueblo del <strong>Pirineo de Girona<\/strong>. Para \u00e9l, aquella casa era un sue\u00f1o, un reto y una conexi\u00f3n profunda con la naturaleza.<\/p>\n<p><\/p>\n<p>En 1985 nac\u00ed yo, y <strong>El Roure<\/strong> se convirti\u00f3 en mi primer hogar y en el lugar donde se formaron mis recuerdos m\u00e1s importantes. Aunque por motivos laborales tuvimos que mudarnos al Empord\u00e0, a Vila-sacra, siempre que pod\u00edamos volv\u00edamos al Pirineo. Cada fin de semana que pas\u00e1bamos all\u00ed alimentaba la ilusi\u00f3n de alg\u00fan d\u00eda restaurar la casa y devolverle la vida, aunque entonces solo era un deseo lejano. Mi padre, un humilde trabajador del campo, nunca dispuso de los recursos para hacerlo realidad.<\/p>\n<p><\/p>\n<p>En 2014 mis padres se divorciaron y, tiempo despu\u00e9s, mi padre regres\u00f3 a <strong>El Roure<\/strong>. La casa segu\u00eda igual: sin aislamiento, sin agua potable y con poca luz. Aun as\u00ed, \u00e9l la habitaba como pod\u00eda, aferrado a su refugio.<\/p>\n<p><\/p>\n<p>Pero en 2019, el c\u00e1ncer volvi\u00f3. Aunque luchamos juntos, la pandemia colaps\u00f3 los hospitales y no pudo recibir la atenci\u00f3n necesaria. Fueron los d\u00edas m\u00e1s duros de mi vida. Cuando se march\u00f3, dej\u00f3 un enorme vac\u00edo\u2026 y un legado que cambiar\u00eda para siempre mi futuro.<\/p>\n<p><\/p>\n<p>Al leer su testamento con mis hermanas y descubrir que me hab\u00eda dejado <strong>El Roure,<\/strong> entend\u00ed que hab\u00eda llegado el momento de dar vida a aquello que \u00e9l no pudo: convertir nuestra casa familiar en un lugar de bienestar, naturaleza y desconexi\u00f3n para otros.<\/p>\n<p><\/p>\n<p>Me hipotec\u00e9 para llevar a cabo una reforma integral. Durante un a\u00f1o entero, mi marido y yo viajamos cada d\u00eda desde Madremanya para trabajar en la obra. Con esfuerzo, dedicaci\u00f3n y much\u00edsimo cari\u00f1o, rehabilitamos cada rinc\u00f3n para mantener su esencia y adaptarla al confort actual.<\/p>\n<p><\/p>\n<p>Hoy, <strong>El Roure<\/strong> renace como una casa rural en el <strong>Pirineo<\/strong> pensada para quienes buscan tranquilidad, naturaleza y experiencias aut\u00e9nticas.<\/p>\n<p><\/p>\n<p>Un alojamiento ideal para escapadas de fin de semana, <strong>turismo rural en Girona,<\/strong> retiros de bienestar, vacaciones en familia o estancias donde desconectar del ruido y reconectar con uno mismo.<\/p>\n<p><\/p>\n<p>He vivido siempre en casas aisladas en plena naturaleza, y eso es lo que quiero ofrecerte: un refugio \u00fanico donde el silencio, el paisaje y la calma sean los protagonistas.<\/p><p><strong><br><\/strong><\/p><p>El Roure no es solo un alojamiento rural. Es mi historia, el legado de mi padre y un espacio creado para que vivas momentos inolvidables en pleno Pirineo.<\/p>\t\t\t\t\t\t\t\t<\/div>\n\t\t\t\t<\/div>\n\t\t\t\t\t<\/div>\n\t\t\t\t<\/div>\n\t\t\t\t<\/div>\n\t\t","protected":false},"excerpt":{"rendered":"<p>Un homenaje a mis ra\u00edces y un refugio aut\u00e9ntico en el coraz\u00f3n del Pirineo Soy Rosa, y la historia de El Roure, hoy una casa rural en Moll\u00f3 pensada para el descanso y el bienestar, empieza mucho antes de que yo naciera. En 1984, mi padre tom\u00f3 una de las decisiones m\u00e1s valientes de su &#8230;<\/p>\n","protected":false},"author":1,"featured_media":0,"parent":0,"menu_order":0,"comment_status":"closed","ping_status":"closed","template":"","meta":{"inline_featured_image":false,"_joinchat":[],"footnotes":""},"class_list":["post-46469","page","type-page","status-publish","hentry"],"_links":{"self":[{"href":"https:\/\/rusticfind.com\/es\/wp-json\/wp\/v2\/pages\/46469","targetHints":{"allow":["GET"]}}],"collection":[{"href":"https:\/\/rusticfind.com\/es\/wp-json\/wp\/v2\/pages"}],"about":[{"href":"https:\/\/rusticfind.com\/es\/wp-json\/wp\/v2\/types\/page"}],"author":[{"embeddable":true,"href":"https:\/\/rusticfind.com\/es\/wp-json\/wp\/v2\/users\/1"}],"replies":[{"embeddable":true,"href":"https:\/\/rusticfind.com\/es\/wp-json\/wp\/v2\/comments?post=46469"}],"version-history":[{"count":1,"href":"https:\/\/rusticfind.com\/es\/wp-json\/wp\/v2\/pages\/46469\/revisions"}],"predecessor-version":[{"id":46470,"href":"https:\/\/rusticfind.com\/es\/wp-json\/wp\/v2\/pages\/46469\/revisions\/46470"}],"wp:attachment":[{"href":"https:\/\/rusticfind.com\/es\/wp-json\/wp\/v2\/media?parent=46469"}],"curies":[{"name":"wp","href":"https:\/\/api.w.org\/{rel}","templated":true}]}}