{"id":44253,"date":"2024-02-15T18:19:37","date_gmt":"2024-02-15T16:19:37","guid":{"rendered":"https:\/\/rusticfind.com\/condicions-de-reserva\/"},"modified":"2024-03-25T10:53:27","modified_gmt":"2024-03-25T08:53:27","slug":"condiciones-de-reserva","status":"publish","type":"page","link":"https:\/\/rusticfind.com\/es\/condiciones-de-reserva\/","title":{"rendered":"Condiciones de reserva"},"content":{"rendered":"\t\t<div data-elementor-type=\"wp-page\" data-elementor-id=\"44253\" class=\"elementor elementor-44253 elementor-40527\" data-elementor-post-type=\"page\">\n\t\t\t\t<div class=\"elementor-element elementor-element-0339d59 e-flex e-con-boxed e-con e-parent\" data-id=\"0339d59\" data-element_type=\"container\" data-e-type=\"container\">\n\t\t\t\t\t<div class=\"e-con-inner\">\n\t\t<div class=\"elementor-element elementor-element-9bbcf8e e-flex e-con-boxed e-con e-child\" data-id=\"9bbcf8e\" data-element_type=\"container\" data-e-type=\"container\">\n\t\t\t\t\t<div class=\"e-con-inner\">\n\t\t\t\t<div class=\"elementor-element elementor-element-ca92dca elementor-widget elementor-widget-heading\" data-id=\"ca92dca\" data-element_type=\"widget\" data-e-type=\"widget\" data-widget_type=\"heading.default\">\n\t\t\t\t<div class=\"elementor-widget-container\">\n\t\t\t\t\t<h1 class=\"elementor-heading-title elementor-size-default\">T\u00e9rminos y Condiciones de Reserva<\/h1>\t\t\t\t<\/div>\n\t\t\t\t<\/div>\n\t\t\t\t<div class=\"elementor-element elementor-element-cacf956 elementor-widget elementor-widget-text-editor\" data-id=\"cacf956\" data-element_type=\"widget\" data-e-type=\"widget\" data-widget_type=\"text-editor.default\">\n\t\t\t\t<div class=\"elementor-widget-container\">\n\t\t\t\t\t\t\t\t\t<p>Reembolso completo para las cancelaciones que se realicen hasta 30 d\u00edas antes de la llegada. Si reservas cuando falten menos de 30 d\u00edas para la llegada, recibir\u00e1s un reembolso completo, siempre que canceles en las 48 horas posteriores a la reserva y al menos 14 d\u00edas antes del inicio de la estancia. Pasado este plazo, obtendr\u00e1s un reembolso del 50 % si cancelas hasta 7 d\u00edas antes de la llegada. Si cancelas cuando quede menos de 7 d\u00edas, no recibir\u00e1s ning\u00fan reembolso.<\/p>\n\t\t\t\t\t\t\t\t<\/div>\n\t\t\t\t<\/div>\n\t\t\t\t\t<\/div>\n\t\t\t\t<\/div>\n\t\t\t\t\t<\/div>\n\t\t\t\t<\/div>\n\t\t\t\t<\/div>\n\t\t","protected":false},"excerpt":{"rendered":"<p>T\u00e9rminos y Condiciones de Reserva Reembolso completo para las cancelaciones que se realicen hasta 30 d\u00edas antes de la llegada. Si reservas cuando falten menos de 30 d\u00edas para la llegada, recibir\u00e1s un reembolso completo, siempre que canceles en las 48 horas posteriores a la reserva y al menos 14 d\u00edas antes del inicio de &#8230;<\/p>\n","protected":false},"author":1,"featured_media":0,"parent":0,"menu_order":0,"comment_status":"closed","ping_status":"closed","template":"elementor_header_footer","meta":{"inline_featured_image":false,"_joinchat":[],"footnotes":""},"class_list":["post-44253","page","type-page","status-publish","hentry"],"_links":{"self":[{"href":"https:\/\/rusticfind.com\/es\/wp-json\/wp\/v2\/pages\/44253","targetHints":{"allow":["GET"]}}],"collection":[{"href":"https:\/\/rusticfind.com\/es\/wp-json\/wp\/v2\/pages"}],"about":[{"href":"https:\/\/rusticfind.com\/es\/wp-json\/wp\/v2\/types\/page"}],"author":[{"embeddable":true,"href":"https:\/\/rusticfind.com\/es\/wp-json\/wp\/v2\/users\/1"}],"replies":[{"embeddable":true,"href":"https:\/\/rusticfind.com\/es\/wp-json\/wp\/v2\/comments?post=44253"}],"version-history":[{"count":4,"href":"https:\/\/rusticfind.com\/es\/wp-json\/wp\/v2\/pages\/44253\/revisions"}],"predecessor-version":[{"id":44285,"href":"https:\/\/rusticfind.com\/es\/wp-json\/wp\/v2\/pages\/44253\/revisions\/44285"}],"wp:attachment":[{"href":"https:\/\/rusticfind.com\/es\/wp-json\/wp\/v2\/media?parent=44253"}],"curies":[{"name":"wp","href":"https:\/\/api.w.org\/{rel}","templated":true}]}}