{"id":42913,"date":"2024-02-15T17:54:58","date_gmt":"2024-02-15T15:54:58","guid":{"rendered":"https:\/\/rusticfind.com\/politica-de-cookies\/"},"modified":"2024-03-06T21:48:34","modified_gmt":"2024-03-06T19:48:34","slug":"politica-de-cookies","status":"publish","type":"page","link":"https:\/\/rusticfind.com\/es\/politica-de-cookies\/","title":{"rendered":"Pol\u00edtica de cookies"},"content":{"rendered":"\t\t<div data-elementor-type=\"wp-page\" data-elementor-id=\"42913\" class=\"elementor elementor-42913 elementor-40501\" data-elementor-post-type=\"page\">\n\t\t\t\t<div class=\"elementor-element elementor-element-dd5ea1f e-flex e-con-boxed e-con e-parent\" data-id=\"dd5ea1f\" data-element_type=\"container\" data-e-type=\"container\">\n\t\t\t\t\t<div class=\"e-con-inner\">\n\t\t<div class=\"elementor-element elementor-element-e8d9206 e-flex e-con-boxed e-con e-child\" data-id=\"e8d9206\" data-element_type=\"container\" data-e-type=\"container\">\n\t\t\t\t\t<div class=\"e-con-inner\">\n\t\t\t\t<div class=\"elementor-element elementor-element-a30e1c9 elementor-widget elementor-widget-heading\" data-id=\"a30e1c9\" data-element_type=\"widget\" data-e-type=\"widget\" data-widget_type=\"heading.default\">\n\t\t\t\t<div class=\"elementor-widget-container\">\n\t\t\t\t\t<h1 class=\"elementor-heading-title elementor-size-default\">Pol\u00edtica de cookies<\/h1>\t\t\t\t<\/div>\n\t\t\t\t<\/div>\n\t\t\t\t<div class=\"elementor-element elementor-element-5c125ba elementor-widget elementor-widget-text-editor\" data-id=\"5c125ba\" data-element_type=\"widget\" data-e-type=\"widget\" data-widget_type=\"text-editor.default\">\n\t\t\t\t<div class=\"elementor-widget-container\">\n\t\t\t\t\t\t\t\t\t<p><strong>Rustic Find<\/strong> informa sobre el uso de cookies en rusticfind.com.<\/p>\n\t\t\t\t\t\t\t\t<\/div>\n\t\t\t\t<\/div>\n\t\t\t\t<div class=\"elementor-element elementor-element-3b5835c elementor-widget elementor-widget-text-editor\" data-id=\"3b5835c\" data-element_type=\"widget\" data-e-type=\"widget\" data-widget_type=\"text-editor.default\">\n\t\t\t\t<div class=\"elementor-widget-container\">\n\t\t\t\t\t\t\t\t\t<p>Una cookie es un archivo que se descarga en su ordenador, tableta o tel\u00e9fono al acceder a determinadas p\u00e1ginas web. Las cookies permiten a una p\u00e1gina web, entre otras cosas, almacenar y recuperar informaci\u00f3n sobre los h\u00e1bitos de navegaci\u00f3n de un usuario o de su equipo y, dependiendo de la informaci\u00f3n que contengan y de la forma en que utilice su equipo, tambi\u00e9n se pueden utilizar para reconocer al usuario.<\/p>\n\t\t\t\t\t\t\t\t<\/div>\n\t\t\t\t<\/div>\n\t\t\t\t<div class=\"elementor-element elementor-element-29bc32c elementor-widget elementor-widget-heading\" data-id=\"29bc32c\" data-element_type=\"widget\" data-e-type=\"widget\" data-widget_type=\"heading.default\">\n\t\t\t\t<div class=\"elementor-widget-container\">\n\t\t\t\t\t<h3 class=\"elementor-heading-title elementor-size-default\">Tipo de cookies<\/h3>\t\t\t\t<\/div>\n\t\t\t\t<\/div>\n\t\t\t\t<div class=\"elementor-element elementor-element-e2d89e7 elementor-widget elementor-widget-text-editor\" data-id=\"e2d89e7\" data-element_type=\"widget\" data-e-type=\"widget\" data-widget_type=\"text-editor.default\">\n\t\t\t\t<div class=\"elementor-widget-container\">\n\t\t\t\t\t\t\t\t\t<p>Seg\u00fan la entidad que gestione el dominio desde donde se env\u00edan las cookies y trate los datos que se obtengan se pueden distinguir dos tipos de cookies: cookies propias y cookies de terceros.<\/p>\n\t\t\t\t\t\t\t\t<\/div>\n\t\t\t\t<\/div>\n\t\t\t\t<div class=\"elementor-element elementor-element-f38cd38 elementor-widget elementor-widget-text-editor\" data-id=\"f38cd38\" data-element_type=\"widget\" data-e-type=\"widget\" data-widget_type=\"text-editor.default\">\n\t\t\t\t<div class=\"elementor-widget-container\">\n\t\t\t\t\t\t\t\t\t<p>Tambi\u00e9n existe una segunda clasificaci\u00f3n seg\u00fan el plazo de tiempo que permanecen almacenadas en el navegador del cliente, en cuyo caso, se puede tratar de cookies de sesi\u00f3n o cookies persistentes.<\/p>\n\t\t\t\t\t\t\t\t<\/div>\n\t\t\t\t<\/div>\n\t\t\t\t<div class=\"elementor-element elementor-element-7e613d0 elementor-widget elementor-widget-text-editor\" data-id=\"7e613d0\" data-element_type=\"widget\" data-e-type=\"widget\" data-widget_type=\"text-editor.default\">\n\t\t\t\t<div class=\"elementor-widget-container\">\n\t\t\t\t\t\t\t\t\t<p>Por \u00faltimo, existe otra clasificaci\u00f3n con cinco tipos de cookies seg\u00fan la finalidad para la que se traten los datos obtenidos: cookies t\u00e9cnicas, cookies de personalizaci\u00f3n, cookies de an\u00e1lisis, cookies publicitarias y cookies de publicidad comportamental.<\/p>\n\t\t\t\t\t\t\t\t<\/div>\n\t\t\t\t<\/div>\n\t\t\t\t<div class=\"elementor-element elementor-element-8bbccbd elementor-widget elementor-widget-heading\" data-id=\"8bbccbd\" data-element_type=\"widget\" data-e-type=\"widget\" data-widget_type=\"heading.default\">\n\t\t\t\t<div class=\"elementor-widget-container\">\n\t\t\t\t\t<h3 class=\"elementor-heading-title elementor-size-default\">Cookies utilizadas en esta web<\/h3>\t\t\t\t<\/div>\n\t\t\t\t<\/div>\n\t\t\t\t<div class=\"elementor-element elementor-element-3a4678a elementor-widget elementor-widget-text-editor\" data-id=\"3a4678a\" data-element_type=\"widget\" data-e-type=\"widget\" data-widget_type=\"text-editor.default\">\n\t\t\t\t<div class=\"elementor-widget-container\">\n\t\t\t\t\t\t\t\t\t<p>A continuaci\u00f3n se identifican las cookies que se utilizan en rusticfind.com, as\u00ed como su tipolog\u00eda y funci\u00f3n:<\/p>\n\t\t\t\t\t\t\t\t<\/div>\n\t\t\t\t<\/div>\n\t\t\t\t<div class=\"elementor-element elementor-element-c7e5827 elementor-widget elementor-widget-text-editor\" data-id=\"c7e5827\" data-element_type=\"widget\" data-e-type=\"widget\" data-widget_type=\"text-editor.default\">\n\t\t\t\t<div class=\"elementor-widget-container\">\n\t\t\t\t\t\t\t\t\t<ul>\n<li><strong>jsCookieCheck<\/strong>. Gestiona el consentimiento del usuario para el uso de las cookies en la p\u00e1gina web, con el objeto de recordar a aquellos usuarios que las han aceptado y aquellos que no, de forma que a los primeros no se les muestre informaci\u00f3n en la p\u00e1gina web parte inferior de la p\u00e1gina al respecto. Seg\u00fan la tipolog\u00eda anterior se trata de una galleta propia, persistente y t\u00e9cnica.<\/li>\n<\/ul>\n<p><\/p>\n\t\t\t\t\t\t\t\t<\/div>\n\t\t\t\t<\/div>\n\t\t\t\t<div class=\"elementor-element elementor-element-933ec48 elementor-widget elementor-widget-text-editor\" data-id=\"933ec48\" data-element_type=\"widget\" data-e-type=\"widget\" data-widget_type=\"text-editor.default\">\n\t\t\t\t<div class=\"elementor-widget-container\">\n\t\t\t\t\t\t\t\t\t<ul>\n<li><strong>Google Analytics<\/strong>. Se trata de un servicio anal\u00edtico de web desarrollado por Google Inc. con domicilio en Estados Unidos y sede central en 1600 Amphitheatre Parkway, Mountain View, California 94043, que permite medir y analizar la navegaci\u00f3n en rusticfind.com. En su navegador podr\u00e1 observar 4 cookies (_utma, _utmb, _ubmc y _utmz) relacionadas con este servicio. Seg\u00fan la tipolog\u00eda anterior, se trata de cookies de terceros, persistentes y de an\u00e1lisis. Puede encontrar m\u00e1s informaci\u00f3n al respecto e inhabilitar el uso de estas cookies en <a href=\"http:\/\/www.google.com\/intl\/ca\/policies\/technologies\/types\/\" target=\"_blank\" rel=\"noopener\">esta p\u00e1gina<\/a>. A trav\u00e9s de la anal\u00edtica web se obtiene informaci\u00f3n relativa al n\u00famero de usuarios que acceden a la web para que podamos ofrecerle un mejor servicio, el n\u00famero de p\u00e1ginas vistas, la frecuencia y repetici\u00f3n de las visitas, la duraci\u00f3n, el navegador utilizado, el operador que presta el servicio, el idioma, el terminal que utiliza, o la ciudad a la que est\u00e1 asignada su direcci\u00f3n IP.<\/li>\n<\/ul>\n<p><\/p>\n<p><\/p>\n\t\t\t\t\t\t\t\t<\/div>\n\t\t\t\t<\/div>\n\t\t\t\t<div class=\"elementor-element elementor-element-b36b7dc elementor-widget elementor-widget-text-editor\" data-id=\"b36b7dc\" data-element_type=\"widget\" data-e-type=\"widget\" data-widget_type=\"text-editor.default\">\n\t\t\t\t<div class=\"elementor-widget-container\">\n\t\t\t\t\t\t\t\t\t<ul>\n<li><strong>PHPSESSID<\/strong>. Esta cookie es utilizada por el lenguaje de programaci\u00f3n PHP para permitir que las variables de sesi\u00f3n se puedan guardar en el servidor web. Seg\u00fan la tipolog\u00eda anterior, se trata de una cookie propia, de sesi\u00f3n y t\u00e9cnica. Esta cookie es esencial para el funcionamiento de la web, por lo que no es necesario consentimiento.<\/li>\n<\/ul>\n<p><\/p>\n<p><\/p>\n<p><\/p>\n\t\t\t\t\t\t\t\t<\/div>\n\t\t\t\t<\/div>\n\t\t\t\t<div class=\"elementor-element elementor-element-80b029e elementor-widget elementor-widget-heading\" data-id=\"80b029e\" data-element_type=\"widget\" data-e-type=\"widget\" data-widget_type=\"heading.default\">\n\t\t\t\t<div class=\"elementor-widget-container\">\n\t\t\t\t\t<h3 class=\"elementor-heading-title elementor-size-default\">Aceptaci\u00f3n de la Pol\u00edtica de cookies<\/h3>\t\t\t\t<\/div>\n\t\t\t\t<\/div>\n\t\t\t\t<div class=\"elementor-element elementor-element-4acfe6d elementor-widget elementor-widget-text-editor\" data-id=\"4acfe6d\" data-element_type=\"widget\" data-e-type=\"widget\" data-widget_type=\"text-editor.default\">\n\t\t\t\t<div class=\"elementor-widget-container\">\n\t\t\t\t\t\t\t\t\t<p><strong>Rustic Find<\/strong> asume que acepta el uso de cookies. No obstante, mostramos informaci\u00f3n sobre nuestra Pol\u00edtica de cookies en la parte inferior de cualquier p\u00e1gina de nuestro sitio web en cada inicio de sesi\u00f3n para que sea plenamente consciente de ello. Ante esta informaci\u00f3n es posible llevar a cabo las siguientes acciones:<\/p>\n\t\t\t\t\t\t\t\t<\/div>\n\t\t\t\t<\/div>\n\t\t\t\t<div class=\"elementor-element elementor-element-b47d03b elementor-widget elementor-widget-text-editor\" data-id=\"b47d03b\" data-element_type=\"widget\" data-e-type=\"widget\" data-widget_type=\"text-editor.default\">\n\t\t\t\t<div class=\"elementor-widget-container\">\n\t\t\t\t\t\t\t\t\t<ul>\n<li>Aceptar cookies. No se visualizar\u00e1 de nuevo este aviso al acceder a cualquier p\u00e1gina de masdarovie.com durante 365 d\u00edas.<\/li>\n<\/ul>\n\t\t\t\t\t\t\t\t<\/div>\n\t\t\t\t<\/div>\n\t\t\t\t<div class=\"elementor-element elementor-element-db8a5d1 elementor-widget elementor-widget-text-editor\" data-id=\"db8a5d1\" data-element_type=\"widget\" data-e-type=\"widget\" data-widget_type=\"text-editor.default\">\n\t\t\t\t<div class=\"elementor-widget-container\">\n\t\t\t\t\t\t\t\t\t<ul>\n<li>Rechazar cookies. Se saldr\u00e1 de la p\u00e1gina web de inmediato.<\/li>\n<\/ul>\n\t\t\t\t\t\t\t\t<\/div>\n\t\t\t\t<\/div>\n\t\t\t\t<div class=\"elementor-element elementor-element-61a9138 elementor-widget elementor-widget-text-editor\" data-id=\"61a9138\" data-element_type=\"widget\" data-e-type=\"widget\" data-widget_type=\"text-editor.default\">\n\t\t\t\t<div class=\"elementor-widget-container\">\n\t\t\t\t\t\t\t\t\t<ul>\n<li>Consulte la pol\u00edtica de cookies. Podr\u00e1 obtener m\u00e1s informaci\u00f3n sobre qu\u00e9 son las cookies, conocer la pol\u00edtica de cookies de Rustic Find y modificar la configuraci\u00f3n de su navegador.<\/li>\n<\/ul>\n\t\t\t\t\t\t\t\t<\/div>\n\t\t\t\t<\/div>\n\t\t\t\t<div class=\"elementor-element elementor-element-ebd1bdf elementor-widget elementor-widget-heading\" data-id=\"ebd1bdf\" data-element_type=\"widget\" data-e-type=\"widget\" data-widget_type=\"heading.default\">\n\t\t\t\t<div class=\"elementor-widget-container\">\n\t\t\t\t\t<h3 class=\"elementor-heading-title elementor-size-default\">C\u00f3mo modificar la configuraci\u00f3n de las cookies<\/h3>\t\t\t\t<\/div>\n\t\t\t\t<\/div>\n\t\t\t\t<div class=\"elementor-element elementor-element-09b8952 elementor-widget elementor-widget-text-editor\" data-id=\"09b8952\" data-element_type=\"widget\" data-e-type=\"widget\" data-widget_type=\"text-editor.default\">\n\t\t\t\t<div class=\"elementor-widget-container\">\n\t\t\t\t\t\t\t\t\t<p>Puede permitir, bloquear o eliminar las cookies instaladas en su equipo desde las opciones de configuraci\u00f3n del navegador. La operativa var\u00eda seg\u00fan el navegador; por este motivo, desde el men\u00fa de ayuda encontrar\u00e1 la manera exacta de hacerlo. Sin embargo, le explicamos c\u00f3mo hacerlo en los principales navegadores del mercado: <a href=\"http:\/\/windows.microsoft.com\/es-xl\/internet-explorer\/delete-manage-cookies\" target=\"_blank\" rel=\"noopener\"><strong>Internet Explorer<\/strong><\/a>, <a href=\"https:\/\/support.mozilla.org\/es\/kb\/Borrar%20cookies\" target=\"_blank\" rel=\"noopener\"><strong>Firefox<\/strong><\/a>, <a href=\"https:\/\/support.google.com\/accounts\/answer\/61416?hl=ca-es\" target=\"_blank\" rel=\"noopener\"><strong>Google Chrome<\/strong><\/a>, <a href=\"https:\/\/www.apple.com\/legal\/privacy\/ca\/cookies\/\" target=\"_blank\" rel=\"noopener\"><strong>Safari<\/strong><\/a>.<\/p>\n\t\t\t\t\t\t\t\t<\/div>\n\t\t\t\t<\/div>\n\t\t\t\t<div class=\"elementor-element elementor-element-3250bdf elementor-widget elementor-widget-text-editor\" data-id=\"3250bdf\" data-element_type=\"widget\" data-e-type=\"widget\" data-widget_type=\"text-editor.default\">\n\t\t\t\t<div class=\"elementor-widget-container\">\n\t\t\t\t\t\t\t\t\t<p>Si bloquea las cookies en su navegador, es muy probable que no pueda acceder correctamente a alguna de las secciones de nuestra web o que no se muestren correctamente.<\/p>\n\t\t\t\t\t\t\t\t<\/div>\n\t\t\t\t<\/div>\n\t\t\t\t\t<\/div>\n\t\t\t\t<\/div>\n\t\t\t\t\t<\/div>\n\t\t\t\t<\/div>\n\t\t\t\t<\/div>\n\t\t","protected":false},"excerpt":{"rendered":"<p>Pol\u00edtica de cookies Rustic Find informa sobre el uso de cookies en rusticfind.com. Una cookie es un archivo que se descarga en su ordenador, tableta o tel\u00e9fono al acceder a determinadas p\u00e1ginas web. Las cookies permiten a una p\u00e1gina web, entre otras cosas, almacenar y recuperar informaci\u00f3n sobre los h\u00e1bitos de navegaci\u00f3n de un usuario &#8230;<\/p>\n","protected":false},"author":1,"featured_media":0,"parent":0,"menu_order":0,"comment_status":"closed","ping_status":"closed","template":"elementor_header_footer","meta":{"inline_featured_image":false,"_joinchat":[],"footnotes":""},"class_list":["post-42913","page","type-page","status-publish","hentry"],"_links":{"self":[{"href":"https:\/\/rusticfind.com\/es\/wp-json\/wp\/v2\/pages\/42913","targetHints":{"allow":["GET"]}}],"collection":[{"href":"https:\/\/rusticfind.com\/es\/wp-json\/wp\/v2\/pages"}],"about":[{"href":"https:\/\/rusticfind.com\/es\/wp-json\/wp\/v2\/types\/page"}],"author":[{"embeddable":true,"href":"https:\/\/rusticfind.com\/es\/wp-json\/wp\/v2\/users\/1"}],"replies":[{"embeddable":true,"href":"https:\/\/rusticfind.com\/es\/wp-json\/wp\/v2\/comments?post=42913"}],"version-history":[{"count":4,"href":"https:\/\/rusticfind.com\/es\/wp-json\/wp\/v2\/pages\/42913\/revisions"}],"predecessor-version":[{"id":43996,"href":"https:\/\/rusticfind.com\/es\/wp-json\/wp\/v2\/pages\/42913\/revisions\/43996"}],"wp:attachment":[{"href":"https:\/\/rusticfind.com\/es\/wp-json\/wp\/v2\/media?parent=42913"}],"curies":[{"name":"wp","href":"https:\/\/api.w.org\/{rel}","templated":true}]}}